{"id":107,"date":"2015-12-02T23:02:51","date_gmt":"2015-12-02T22:02:51","guid":{"rendered":"http:\/\/www.buecking-kroeger.com\/?page_id=107"},"modified":"2020-09-02T18:44:02","modified_gmt":"2020-09-02T16:44:02","slug":"sujets-trouves","status":"publish","type":"page","link":"https:\/\/buecking-kroeger.com\/index.php\/works\/sujets-trouves\/","title":{"rendered":"exercise on borders"},"content":{"rendered":"<p><a href=\"http:\/\/www.buecking-kroeger.com\/wp-content\/uploads\/2015\/09\/P10101021.jpg\"><img loading=\"lazy\" decoding=\"async\" class=\"alignnone wp-image-59 size-large\" src=\"https:\/\/www.buecking-kroeger.com\/wp-content\/uploads\/2015\/09\/P10101021-1024x768.jpg\" alt=\"OLYMPUS DIGITAL CAMERA\" width=\"975\" height=\"731\" srcset=\"https:\/\/buecking-kroeger.com\/wp-content\/uploads\/2015\/09\/P10101021-1024x768.jpg 1024w, https:\/\/buecking-kroeger.com\/wp-content\/uploads\/2015\/09\/P10101021-300x225.jpg 300w\" sizes=\"auto, (max-width: 975px) 100vw, 975px\" \/><\/a><\/p>\n<p align=\"JUSTIFY\">Physisch kann man in jedem Moment nur an jeweils einem bestimmten Ort sein. Man kann somit nie mit einer anderen Person ein und denselben Ort zur gleichen Zeit besetzen. Wir unterliegen Grenzen, auf welche wir permanent zur\u00fcckgeworfen werden. Ich kann nicht dort sein wo du bist. Deine Grenze ist meine. Der Grenzverlauf trennt uns und ordnet uns Territorien zu.<\/p>\n<p style=\"text-align: left;\">[\u2026] eine sch\u00f6ne Meditation \u00fcber die zweisame Einsamkeit. Das Territorium, das sie hier beide f\u00fcr sich behaupteten, war ihr K\u00f6rper.\u201c<br \/>\n(Thomas Schaupp, ada-studio.de\/pages\/texte\/text-nd47-2014.html)<\/p>\n<p style=\"text-align: left;\">Konzept, Choreografie und Performance: Florian B\u00fccking und Raisa Kr\u00f6ger<br \/>\nVideo: Ren\u00e9 Lange<br \/>\nMusik: Ligeti<\/p>\n<p style=\"text-align: left;\">Premiere<br \/>\n29.11.2014 &#8211; ada Studio, Berlin<\/p>\n<p style=\"text-align: left;\">Weitere Vorstellungen<br \/>\n30.11.2014 &#8211; ada Studio, Berlin<br \/>\n27.08.2015 &#8211; Kunstmuseum Liechtenstein<br \/>\n12.09.2015 &#8211; 720h Festival, Heidelberg<\/p>\n<p style=\"text-align: left;\">Dauer:18 min.<\/p>\n<p><iframe loading=\"lazy\" src=\"https:\/\/player.vimeo.com\/video\/117573717\" width=\"975\" height=\"548\"frameborder=\"0\" title=\"the wall\/\/exercise on borders\" webkitallowfullscreen mozallowfullscreen allowfullscreen><\/iframe><\/p>\n","protected":false},"excerpt":{"rendered":"<p>Physisch kann man in jedem Moment nur an jeweils einem bestimmten Ort sein. Man kann somit nie mit einer anderen Person ein und denselben Ort zur gleichen Zeit besetzen. Wir unterliegen Grenzen, auf welche wir permanent zur\u00fcckgeworfen werden. Ich kann nicht dort sein wo du bist. Deine Grenze ist meine. Der Grenzverlauf trennt uns und ordnet uns Territorien zu. [\u2026] eine sch\u00f6ne Meditation \u00fcber die &hellip;<\/p>\n","protected":false},"author":1,"featured_media":0,"parent":6,"menu_order":0,"comment_status":"closed","ping_status":"closed","template":"page-templates\/centered-page.php","meta":{"footnotes":""},"class_list":["post-107","page","type-page","status-publish","hentry"],"jetpack_sharing_enabled":true,"_links":{"self":[{"href":"https:\/\/buecking-kroeger.com\/index.php\/wp-json\/wp\/v2\/pages\/107","targetHints":{"allow":["GET"]}}],"collection":[{"href":"https:\/\/buecking-kroeger.com\/index.php\/wp-json\/wp\/v2\/pages"}],"about":[{"href":"https:\/\/buecking-kroeger.com\/index.php\/wp-json\/wp\/v2\/types\/page"}],"author":[{"embeddable":true,"href":"https:\/\/buecking-kroeger.com\/index.php\/wp-json\/wp\/v2\/users\/1"}],"replies":[{"embeddable":true,"href":"https:\/\/buecking-kroeger.com\/index.php\/wp-json\/wp\/v2\/comments?post=107"}],"version-history":[{"count":23,"href":"https:\/\/buecking-kroeger.com\/index.php\/wp-json\/wp\/v2\/pages\/107\/revisions"}],"predecessor-version":[{"id":1846,"href":"https:\/\/buecking-kroeger.com\/index.php\/wp-json\/wp\/v2\/pages\/107\/revisions\/1846"}],"up":[{"embeddable":true,"href":"https:\/\/buecking-kroeger.com\/index.php\/wp-json\/wp\/v2\/pages\/6"}],"wp:attachment":[{"href":"https:\/\/buecking-kroeger.com\/index.php\/wp-json\/wp\/v2\/media?parent=107"}],"curies":[{"name":"wp","href":"https:\/\/api.w.org\/{rel}","templated":true}]}}