{"id":110,"date":"2015-12-02T23:08:46","date_gmt":"2015-12-02T22:08:46","guid":{"rendered":"http:\/\/www.buecking-kroeger.com\/?page_id=110"},"modified":"2020-09-02T18:46:35","modified_gmt":"2020-09-02T16:46:35","slug":"hh","status":"publish","type":"page","link":"https:\/\/buecking-kroeger.com\/index.php\/works\/hh\/","title":{"rendered":"sujets trouv\u00e9s"},"content":{"rendered":"<p><a href=\"http:\/\/www.buecking-kroeger.com\/wp-content\/uploads\/2015\/09\/P1010312.jpg\"><img loading=\"lazy\" decoding=\"async\" class=\"alignnone wp-image-36 size-large\" src=\"https:\/\/www.buecking-kroeger.com\/wp-content\/uploads\/2015\/09\/P1010312-1024x768.jpg\" alt=\"OLYMPUS DIGITAL CAMERA\" width=\"975\" height=\"731\" srcset=\"https:\/\/buecking-kroeger.com\/wp-content\/uploads\/2015\/09\/P1010312-1024x768.jpg 1024w, https:\/\/buecking-kroeger.com\/wp-content\/uploads\/2015\/09\/P1010312-300x225.jpg 300w\" sizes=\"auto, (max-width: 975px) 100vw, 975px\" \/><\/a><\/p>\n<p lang=\"en\" style=\"text-align: left;\"><strong>sujets trouv\u00e9s<\/strong> gleicht dem Blick durch ein Mikroskop. Weniger ist die f\u00fcrs menschliche Auge verborgene Gr\u00f6\u00dfe Grund dieses Bildes, als vielmehr die Art der Fokussierung und Hinwendung zu einem Gegenstand \u2013 sujets trouv\u00e9s er\u00f6ffnet die M\u00f6glichkeit, sich anhand zweier K\u00f6rpern und ihrem Tun sowohl dem Fremden als auch dem Vertrauten zuwenden zu k\u00f6nnen.<\/p>\n<p style=\"text-align: left;\">Konzept, Choreografie und Performance: Florian B\u00fccking und Raisa Kr\u00f6ger<br \/>\nB\u00fchne: Daniel Pakendorf<br \/>\nKomposition: Constantin Popp<\/p>\n<p style=\"text-align: left;\">Premiere<br \/>\n23.07.2015 &#8211; ArtOrt Festival, Heidelberg<\/p>\n<p style=\"text-align: left;\">Weitere Vorstellungen<br \/>\n24.07.2015 &#8211; ArtOrt Festival, Heidelberg<br \/>\n25.07.2015 &#8211; ArtOrt Festival, Heidelberg<br \/>\n26.07.2015 &#8211; ArtOrt Festival, Heidelberg<br \/>\n28.05.2016 &#8211; Performing Art Festival, Berlin<br \/>\n29.05.2016 &#8211; Performing Art Festival, Berlin<\/p>\n<p style=\"text-align: left;\">Dauer:13 min.<\/p>\n<p><iframe loading=\"lazy\" src=\"https:\/\/player.vimeo.com\/video\/145497564\" width=\"960\" height=\"540\"frameborder=\"0\" title=\"sujets trouve\u0301s\" webkitallowfullscreen mozallowfullscreen allowfullscreen><\/iframe><\/p>\n","protected":false},"excerpt":{"rendered":"<p>sujets trouv\u00e9s gleicht dem Blick durch ein Mikroskop. Weniger ist die f\u00fcrs menschliche Auge verborgene Gr\u00f6\u00dfe Grund dieses Bildes, als vielmehr die Art der Fokussierung und Hinwendung zu einem Gegenstand \u2013 sujets trouv\u00e9s er\u00f6ffnet die M\u00f6glichkeit, sich anhand zweier K\u00f6rpern und ihrem Tun sowohl dem Fremden als auch dem Vertrauten zuwenden zu k\u00f6nnen. Konzept, Choreografie und Performance: Florian B\u00fccking und Raisa Kr\u00f6ger B\u00fchne: Daniel Pakendorf &hellip;<\/p>\n","protected":false},"author":1,"featured_media":0,"parent":6,"menu_order":0,"comment_status":"closed","ping_status":"closed","template":"page-templates\/centered-page.php","meta":{"footnotes":""},"class_list":["post-110","page","type-page","status-publish","hentry"],"jetpack_sharing_enabled":true,"_links":{"self":[{"href":"https:\/\/buecking-kroeger.com\/index.php\/wp-json\/wp\/v2\/pages\/110","targetHints":{"allow":["GET"]}}],"collection":[{"href":"https:\/\/buecking-kroeger.com\/index.php\/wp-json\/wp\/v2\/pages"}],"about":[{"href":"https:\/\/buecking-kroeger.com\/index.php\/wp-json\/wp\/v2\/types\/page"}],"author":[{"embeddable":true,"href":"https:\/\/buecking-kroeger.com\/index.php\/wp-json\/wp\/v2\/users\/1"}],"replies":[{"embeddable":true,"href":"https:\/\/buecking-kroeger.com\/index.php\/wp-json\/wp\/v2\/comments?post=110"}],"version-history":[{"count":24,"href":"https:\/\/buecking-kroeger.com\/index.php\/wp-json\/wp\/v2\/pages\/110\/revisions"}],"predecessor-version":[{"id":1854,"href":"https:\/\/buecking-kroeger.com\/index.php\/wp-json\/wp\/v2\/pages\/110\/revisions\/1854"}],"up":[{"embeddable":true,"href":"https:\/\/buecking-kroeger.com\/index.php\/wp-json\/wp\/v2\/pages\/6"}],"wp:attachment":[{"href":"https:\/\/buecking-kroeger.com\/index.php\/wp-json\/wp\/v2\/media?parent=110"}],"curies":[{"name":"wp","href":"https:\/\/api.w.org\/{rel}","templated":true}]}}