{"id":1106,"date":"2018-06-11T22:29:08","date_gmt":"2018-06-11T20:29:08","guid":{"rendered":"https:\/\/www.buecking-kroeger.com\/?page_id=1106"},"modified":"2020-09-02T18:57:45","modified_gmt":"2020-09-02T16:57:45","slug":"coming-out-of-a-secret-room","status":"publish","type":"page","link":"https:\/\/buecking-kroeger.com\/index.php\/works\/coming-out-of-a-secret-room\/","title":{"rendered":"HYPERBODIES"},"content":{"rendered":"<p style=\"text-align: left;\"><a href=\"https:\/\/www.buecking-kroeger.com\/wp-content\/uploads\/2019\/05\/bu\u0308ckingkro\u0308ger_Hyperbodies_pics-GP8-Mayra-Wallraff.jpg\"><img loading=\"lazy\" decoding=\"async\" class=\"wp-image-1352 size-large alignnone\" src=\"https:\/\/www.buecking-kroeger.com\/wp-content\/uploads\/2019\/05\/bu\u0308ckingkro\u0308ger_Hyperbodies_pics-GP8-Mayra-Wallraff-1024x683.jpg\" alt=\"\" width=\"975\" height=\"650\" srcset=\"https:\/\/buecking-kroeger.com\/wp-content\/uploads\/2019\/05\/bu\u0308ckingkro\u0308ger_Hyperbodies_pics-GP8-Mayra-Wallraff-1024x683.jpg 1024w, https:\/\/buecking-kroeger.com\/wp-content\/uploads\/2019\/05\/bu\u0308ckingkro\u0308ger_Hyperbodies_pics-GP8-Mayra-Wallraff-300x200.jpg 300w, https:\/\/buecking-kroeger.com\/wp-content\/uploads\/2019\/05\/bu\u0308ckingkro\u0308ger_Hyperbodies_pics-GP8-Mayra-Wallraff-768x512.jpg 768w, https:\/\/buecking-kroeger.com\/wp-content\/uploads\/2019\/05\/bu\u0308ckingkro\u0308ger_Hyperbodies_pics-GP8-Mayra-Wallraff.jpg 1920w\" sizes=\"auto, (max-width: 975px) 100vw, 975px\" \/><\/a><\/p>\n<p style=\"text-align: left;\">Wie manifestiert sich Pathos im K\u00f6rper? Wie werden pathetische K\u00f6rperbilder produziert und wie lassen sie sich entmachten? Umgebaute, gebogene, \u00fcberladene K\u00f6rper werden transformiert, kippen nach und nach aus ihrer Form und zerflie\u00dfen in \u00fcberdimensionale schw\u00fclstige Gebilde: HYPERBODIES. Auf der B\u00fchne offenbaren sie ihre anziehende Wirkung &#8211; und werden zugleich darin entlarvt.<\/p>\n<p style=\"text-align: left;\">Konzept, Choreografie und Performance: Florian B\u00fccking und Raisa Kr\u00f6ger<br \/>\nRaum und Grafik: Fabian Reimann<br \/>\nMusik: Julius Born<br \/>\nKost\u00fcm: Michiel Keuper<br \/>\nLichtdesign: Martin Pilz<br \/>\nProduktionsdramaturgie: Johanna Withelm<br \/>\nProduktionsassistenz: Katharina Meyer<br \/>\nPresse- und \u00d6ffentlichkeitsarbeit: Lilly Schofield<br \/>\nPressefoto und Dokumentation: Mayra Wallraff<\/p>\n<p style=\"text-align: left;\">Gef\u00f6rdert aus Mitteln des Hauptstadtkulturfonds.<br \/>\nUnterst\u00fctzt von: battleROYAL, garage, Uferstudios<\/p>\n<p style=\"text-align: left;\">Premiere<br \/>\n28.03.2019 &#8211; Uferstudios, Berlin<\/p>\n<p style=\"text-align: left;\">Weitere Vorstellungen<br \/>\n29.03.2019 &#8211; Uferstudios, Berlin<br \/>\n30.03.2019 &#8211; Uferstudios, Berlin<br \/>\n31.03.2019 &#8211; Uferstudios, Berlin<\/p>\n<p style=\"text-align: left;\">Dauer: 55 min.<\/p>\n<p><iframe loading=\"lazy\" src=\"https:\/\/player.vimeo.com\/video\/327928168?h=4bc00d215c&amp;dnt=1&amp;app_id=122963\" width=\"975\" height=\"548\" frameborder=\"0\" allow=\"autoplay; fullscreen; picture-in-picture\" allowfullscreen><\/iframe><\/p>\n<p style=\"text-align: left;\">\n","protected":false},"excerpt":{"rendered":"<p>Wie manifestiert sich Pathos im K\u00f6rper? Wie werden pathetische K\u00f6rperbilder produziert und wie lassen sie sich entmachten? Umgebaute, gebogene, \u00fcberladene K\u00f6rper werden transformiert, kippen nach und nach aus ihrer Form und zerflie\u00dfen in \u00fcberdimensionale schw\u00fclstige Gebilde: HYPERBODIES. Auf der B\u00fchne offenbaren sie ihre anziehende Wirkung &#8211; und werden zugleich darin entlarvt. Konzept, Choreografie und Performance: Florian B\u00fccking und Raisa Kr\u00f6ger Raum und Grafik: Fabian Reimann &hellip;<\/p>\n","protected":false},"author":1,"featured_media":0,"parent":6,"menu_order":0,"comment_status":"closed","ping_status":"closed","template":"page-templates\/centered-page.php","meta":{"footnotes":""},"class_list":["post-1106","page","type-page","status-publish","hentry"],"jetpack_sharing_enabled":true,"_links":{"self":[{"href":"https:\/\/buecking-kroeger.com\/index.php\/wp-json\/wp\/v2\/pages\/1106","targetHints":{"allow":["GET"]}}],"collection":[{"href":"https:\/\/buecking-kroeger.com\/index.php\/wp-json\/wp\/v2\/pages"}],"about":[{"href":"https:\/\/buecking-kroeger.com\/index.php\/wp-json\/wp\/v2\/types\/page"}],"author":[{"embeddable":true,"href":"https:\/\/buecking-kroeger.com\/index.php\/wp-json\/wp\/v2\/users\/1"}],"replies":[{"embeddable":true,"href":"https:\/\/buecking-kroeger.com\/index.php\/wp-json\/wp\/v2\/comments?post=1106"}],"version-history":[{"count":95,"href":"https:\/\/buecking-kroeger.com\/index.php\/wp-json\/wp\/v2\/pages\/1106\/revisions"}],"predecessor-version":[{"id":2849,"href":"https:\/\/buecking-kroeger.com\/index.php\/wp-json\/wp\/v2\/pages\/1106\/revisions\/2849"}],"up":[{"embeddable":true,"href":"https:\/\/buecking-kroeger.com\/index.php\/wp-json\/wp\/v2\/pages\/6"}],"wp:attachment":[{"href":"https:\/\/buecking-kroeger.com\/index.php\/wp-json\/wp\/v2\/media?parent=1106"}],"curies":[{"name":"wp","href":"https:\/\/api.w.org\/{rel}","templated":true}]}}