{"id":1160,"date":"2019-02-14T16:20:21","date_gmt":"2019-02-14T15:20:21","guid":{"rendered":"https:\/\/www.buecking-kroeger.com\/?page_id=1160"},"modified":"2020-09-02T18:51:12","modified_gmt":"2020-09-02T16:51:12","slug":"impressum","status":"publish","type":"page","link":"https:\/\/buecking-kroeger.com\/index.php\/impressum\/","title":{"rendered":"impressum"},"content":{"rendered":"<p style=\"text-align: left;\">b\u00fccking&amp;kr\u00f6ger GbR &#8211; Florian B\u00fccking, Raisa Kr\u00f6ger, Johanna Withelm<br>c\/o Raisa Kr\u00f6ger<br>Muskauer Str. 45<br>10997 Berlin<\/p>\n<p style=\"text-align: left;\">Telefon: +49 1794594382<br>E-Mail: info@buecking-kroeger.com<br>Steuernummer: 14\/246\/02472<br>Finanzamt: Friedrichshain-Kreuzberg<\/p>\n\n\n<p><\/p>\n","protected":false},"excerpt":{"rendered":"<p>b\u00fccking&amp;kr\u00f6ger GbR &#8211; Florian B\u00fccking, Raisa Kr\u00f6ger, Johanna Withelmc\/o Raisa Kr\u00f6gerMuskauer Str. 4510997 Berlin Telefon: +49 1794594382E-Mail: info@buecking-kroeger.comSteuernummer: 14\/246\/02472Finanzamt: Friedrichshain-Kreuzberg<\/p>\n","protected":false},"author":1,"featured_media":0,"parent":0,"menu_order":0,"comment_status":"closed","ping_status":"closed","template":"page-templates\/centered-page.php","meta":{"footnotes":""},"class_list":["post-1160","page","type-page","status-publish","hentry"],"jetpack_sharing_enabled":true,"_links":{"self":[{"href":"https:\/\/buecking-kroeger.com\/index.php\/wp-json\/wp\/v2\/pages\/1160","targetHints":{"allow":["GET"]}}],"collection":[{"href":"https:\/\/buecking-kroeger.com\/index.php\/wp-json\/wp\/v2\/pages"}],"about":[{"href":"https:\/\/buecking-kroeger.com\/index.php\/wp-json\/wp\/v2\/types\/page"}],"author":[{"embeddable":true,"href":"https:\/\/buecking-kroeger.com\/index.php\/wp-json\/wp\/v2\/users\/1"}],"replies":[{"embeddable":true,"href":"https:\/\/buecking-kroeger.com\/index.php\/wp-json\/wp\/v2\/comments?post=1160"}],"version-history":[{"count":17,"href":"https:\/\/buecking-kroeger.com\/index.php\/wp-json\/wp\/v2\/pages\/1160\/revisions"}],"predecessor-version":[{"id":1866,"href":"https:\/\/buecking-kroeger.com\/index.php\/wp-json\/wp\/v2\/pages\/1160\/revisions\/1866"}],"wp:attachment":[{"href":"https:\/\/buecking-kroeger.com\/index.php\/wp-json\/wp\/v2\/media?parent=1160"}],"curies":[{"name":"wp","href":"https:\/\/api.w.org\/{rel}","templated":true}]}}