{"id":137,"date":"2015-12-09T14:15:46","date_gmt":"2015-12-09T13:15:46","guid":{"rendered":"http:\/\/www.buecking-kroeger.com\/?page_id=137"},"modified":"2023-10-12T20:10:48","modified_gmt":"2023-10-12T18:10:48","slug":"bios","status":"publish","type":"page","link":"https:\/\/buecking-kroeger.com\/index.php\/beispiel-seite\/bios\/","title":{"rendered":"bios"},"content":{"rendered":"<p style=\"text-align: justify;\" align=\"JUSTIFY\"><span style=\"font-size: 12pt; font-family: georgia,palatino,serif;\"><strong>Florian<\/strong><b> B\u00fccking<\/b><b> <\/b>wurde\u00a0 nach dem Studium der Sportwissenschaften in Berlin zum zeitgen\u00f6ssischen B\u00fchnent\u00e4nzer ausgebildet, und arbeitet, nach einem Engagement am Staatstheater Oldenburg, als Tanzschaffender in und au\u00dferhalb von Berlin. Er arbeitet u.a. mit MS Schrittmacher \/ Martin Stiefermann, Zen in the Basement, wee dance company, Michael Langeneckert, Maaike van Dyke, Pick up Dance Company, Tomi Paasoonen, TanzLange, Unterwegstheater Heidelberg, battleROYAL, Clint Lutes \/ Death by Glitter, movingtheatre K\u00f6ln, Heidi Weiss, Melanie Lane, Anna Melnikova und Maya Caroll. Eigene Arbeiten pr\u00e4sentiert er u.a an den Tanztagen, Berlin. Er choreografiert in Zusammenarbeit mit Emmanuel Obeya &#8222;Der Ring &#8211; next Generation&#8220; (Regie: Robert Lehninger) an der Deutschen Oper, Berlin und &#8222;Herr der Fliegen&#8220; am Deutschen Theater. Au\u00dferdem choreografiert er seit 2011 die Abschlussst\u00fccke der B\u00fchnentanzausbildung Balance 1. Seit 2011 geh\u00f6rt er dem Team &#8222;Unterwegstheater goes Africa&#8220; an, das Theaterinszenierung mit Kindern aus den Slums von Nairobi\/Kenia realisiert. Seit 2019 geh\u00f6rt er zum Vorstand des LAFT Berlin (Landesverband Freie Darstellende K\u00fcnste).<br \/>\n<\/span><\/p>\n<p style=\"text-align: justify;\" align=\"JUSTIFY\"><span style=\"font-size: 12pt; font-family: georgia,palatino,serif;\"><b>Raisa Kr\u00f6ger <\/b>ist freischaffende zeitgen\u00f6ssische Choreografin und T\u00e4nzerin und absolvierte im Anschluss an ihre Ausbildung eine choreografische Weiterbildung an der Tanzfabrik Berlin und eine somatische Weiterbildung bei Sarah Menger (Body-Mind-Centering). Als freiberufliche T\u00e4nzerin arbeitete sie u.a. mit Simone Mousset, Rafal Dziemidok, Saskia Oidtmann, Romeo Castellucci, Jasmin Ihrac, Viktoria Hauke, Jo Fabian, der wee dance company\/ Tanzcompany des Gerhart-Hauptmann-Theater G\u00f6rlitz-Zittau, Martin Stiefermann, Ilona P\u00e1szthy, Isabelle Schad und \u00d6zlem Alkis. Neben ihrer Arbeit als T\u00e4nzerin und Choreografin ist sie Teil des kollaborativ arbeitenden Studios <em>garage<\/em> (www.garage-tanz.de) und war von 2016 bis 2019 Mentorin f\u00fcr Tanz im Mentoringprogramm des Performing Arts Programm Berlin. Gemeinsam mit Cilgia Gadola und Christophe Knoch ist Gr\u00fcndungsmitglied des Produktionsleitungsteams <em>M.i.C.A. &#8211; Movement in Contemporary Art <\/em>(www.mica-berlin.com).<br \/>\n<\/span><\/p>\n<p style=\"text-align: justify;\" align=\"JUSTIFY\"><span style=\"font-size: 12pt; font-family: georgia,palatino,serif;\"><span class=\"\"><span style=\"color: #000000;\"><b class=\"\">Johanna Withelm <\/b>ist Tanz- und Theaterwissenschaftlerin und arbeitet als freie Autorin und Redakteurin. Sie schreibt \u00fcber Tanz, Performance und Popkultur und interessiert sich f\u00fcr das Verh\u00e4ltnis von Bewegung, Text und K\u00f6rper. Sie kuratierte die Tanz- und Performancereihe\u00a0<i class=\"\">Tanzbad<\/i> und das A.PART-Festival<i class=\"\">\u00a0<\/i>im ada studio &amp; B\u00fchne f\u00fcr zeitgen\u00f6ssischen Tanz, schrieb Tanzrezensionen f\u00fcr das ada Studio und das Online-Portal \u201eTanzschreiber\u201c (Tanzb\u00fcro Berlin) sowie Texte f\u00fcr verschiedene Medien und k\u00fcnstlerische Publikationen. Sie arbeitete als Textredakteurin in verschiedenen Projekten und Organisationen, und war f\u00fcnf Jahre im Bereich Produktionsleitung in den Sophiensaelen, Berlin t\u00e4tig. Seit 2015 ist sie Dramaturgin des Choreograf*innen-Duos\u00a0<i class=\"\">b\u00fccking&amp;kr\u00f6ger.<\/i>\u00a0Seit 2023 ist sie Redakteurin des <i class=\"\">tanzraumberlin<\/i>-Magazins.<\/span><\/span><\/span><\/p>\n","protected":false},"excerpt":{"rendered":"<p>Florian B\u00fccking wurde\u00a0 nach dem Studium der Sportwissenschaften in Berlin zum zeitgen\u00f6ssischen B\u00fchnent\u00e4nzer ausgebildet, und arbeitet, nach einem Engagement am Staatstheater Oldenburg, als Tanzschaffender in und au\u00dferhalb von Berlin. Er arbeitet u.a. mit MS Schrittmacher \/ Martin Stiefermann, Zen in the Basement, wee dance company, Michael Langeneckert, Maaike van Dyke, Pick up Dance Company, Tomi Paasoonen, TanzLange, Unterwegstheater Heidelberg, battleROYAL, Clint Lutes \/ Death by &hellip;<\/p>\n","protected":false},"author":1,"featured_media":0,"parent":2,"menu_order":0,"comment_status":"closed","ping_status":"closed","template":"page-templates\/centered-page.php","meta":{"footnotes":""},"class_list":["post-137","page","type-page","status-publish","hentry"],"jetpack_sharing_enabled":true,"_links":{"self":[{"href":"https:\/\/buecking-kroeger.com\/index.php\/wp-json\/wp\/v2\/pages\/137","targetHints":{"allow":["GET"]}}],"collection":[{"href":"https:\/\/buecking-kroeger.com\/index.php\/wp-json\/wp\/v2\/pages"}],"about":[{"href":"https:\/\/buecking-kroeger.com\/index.php\/wp-json\/wp\/v2\/types\/page"}],"author":[{"embeddable":true,"href":"https:\/\/buecking-kroeger.com\/index.php\/wp-json\/wp\/v2\/users\/1"}],"replies":[{"embeddable":true,"href":"https:\/\/buecking-kroeger.com\/index.php\/wp-json\/wp\/v2\/comments?post=137"}],"version-history":[{"count":36,"href":"https:\/\/buecking-kroeger.com\/index.php\/wp-json\/wp\/v2\/pages\/137\/revisions"}],"predecessor-version":[{"id":3348,"href":"https:\/\/buecking-kroeger.com\/index.php\/wp-json\/wp\/v2\/pages\/137\/revisions\/3348"}],"up":[{"embeddable":true,"href":"https:\/\/buecking-kroeger.com\/index.php\/wp-json\/wp\/v2\/pages\/2"}],"wp:attachment":[{"href":"https:\/\/buecking-kroeger.com\/index.php\/wp-json\/wp\/v2\/media?parent=137"}],"curies":[{"name":"wp","href":"https:\/\/api.w.org\/{rel}","templated":true}]}}