{"id":1385,"date":"2019-05-07T13:16:00","date_gmt":"2019-05-07T11:16:00","guid":{"rendered":"https:\/\/www.buecking-kroeger.com\/?page_id=1385"},"modified":"2020-09-02T18:58:13","modified_gmt":"2020-09-02T16:58:13","slug":"coming","status":"publish","type":"page","link":"https:\/\/buecking-kroeger.com\/index.php\/works\/coming\/","title":{"rendered":"coming out of a secret room"},"content":{"rendered":"<p><a href=\"https:\/\/www.buecking-kroeger.com\/wp-content\/uploads\/2019\/02\/bu\u0308ckingkro\u0308ger_coming-out-of-a-secret-room_Katharina-Meyer.jpg\"><img loading=\"lazy\" decoding=\"async\" class=\"alignnone size-large wp-image-1136\" src=\"https:\/\/www.buecking-kroeger.com\/wp-content\/uploads\/2019\/02\/bu\u0308ckingkro\u0308ger_coming-out-of-a-secret-room_Katharina-Meyer-1024x768.jpg\" alt=\"\" width=\"975\" height=\"731\" srcset=\"https:\/\/buecking-kroeger.com\/wp-content\/uploads\/2019\/02\/bu\u0308ckingkro\u0308ger_coming-out-of-a-secret-room_Katharina-Meyer-1024x768.jpg 1024w, https:\/\/buecking-kroeger.com\/wp-content\/uploads\/2019\/02\/bu\u0308ckingkro\u0308ger_coming-out-of-a-secret-room_Katharina-Meyer-300x225.jpg 300w, https:\/\/buecking-kroeger.com\/wp-content\/uploads\/2019\/02\/bu\u0308ckingkro\u0308ger_coming-out-of-a-secret-room_Katharina-Meyer-768x576.jpg 768w\" sizes=\"auto, (max-width: 975px) 100vw, 975px\" \/><\/a><\/p>\n<p style=\"text-align: left;\">Es ist an der Zeit, den Menschen als die Wesen zu offenbaren, die sich aus der Wiederholung ergeben. So wie das neunzehnte Jahrhundert kognitiv im Zeichen der Produktion und das zwanzigste im Zeichen der Reflexivit\u00e4t stand, sollte sich die Zukunft im Zeichen der \u00dcbung pr\u00e4sentieren. (Peter Sloterdijk)<\/p>\n<p style=\"text-align: left;\">Konzept, Choreografie und Performance: Florian B\u00fccking und Raisa Kr\u00f6ger<br>Sound: Julius Born<br>Konzept und Dramaturgie: Johanna Withelm<br>Dank an: battleROYAL, garage<\/p>\n<p style=\"text-align: left;\">Premiere<br>08.06.2018 &#8211; Dock11 (Performing Art Festival), Berlin<\/p>\n<p style=\"text-align: left;\">Weitere Vorstellungen<br>09.06.2018 &#8211; Dock11 (Performing Art Festival), Berlin<br>14.09.2018 &#8211; garage\/Fahrbereitschaft (Lange Nacht der Bilder), Berlin<\/p>\n<p style=\"text-align: left;\">Dauer: 20 min.<\/p>\n<p><iframe loading=\"lazy\" src=\"https:\/\/player.vimeo.com\/video\/274225955?dnt=1&#038;app_id=122963\" width=\"975\" height=\"548\" frameborder=\"0\" allow=\"autoplay; fullscreen\" allowfullscreen><\/iframe><\/p>\n<p style=\"text-align: left;\"><\/p>\n\n\n<p class=\"has-text-align-center\"><\/p>\n","protected":false},"excerpt":{"rendered":"<p>Es ist an der Zeit, den Menschen als die Wesen zu offenbaren, die sich aus der Wiederholung ergeben. So wie das neunzehnte Jahrhundert kognitiv im Zeichen der Produktion und das zwanzigste im Zeichen der Reflexivit\u00e4t stand, sollte sich die Zukunft im Zeichen der \u00dcbung pr\u00e4sentieren. (Peter Sloterdijk) Konzept, Choreografie und Performance: Florian B\u00fccking und Raisa Kr\u00f6gerSound: Julius BornKonzept und Dramaturgie: Johanna WithelmDank an: battleROYAL, garage &hellip;<\/p>\n","protected":false},"author":1,"featured_media":0,"parent":6,"menu_order":0,"comment_status":"closed","ping_status":"closed","template":"page-templates\/centered-page.php","meta":{"footnotes":""},"class_list":["post-1385","page","type-page","status-publish","hentry"],"jetpack_sharing_enabled":true,"_links":{"self":[{"href":"https:\/\/buecking-kroeger.com\/index.php\/wp-json\/wp\/v2\/pages\/1385","targetHints":{"allow":["GET"]}}],"collection":[{"href":"https:\/\/buecking-kroeger.com\/index.php\/wp-json\/wp\/v2\/pages"}],"about":[{"href":"https:\/\/buecking-kroeger.com\/index.php\/wp-json\/wp\/v2\/types\/page"}],"author":[{"embeddable":true,"href":"https:\/\/buecking-kroeger.com\/index.php\/wp-json\/wp\/v2\/users\/1"}],"replies":[{"embeddable":true,"href":"https:\/\/buecking-kroeger.com\/index.php\/wp-json\/wp\/v2\/comments?post=1385"}],"version-history":[{"count":38,"href":"https:\/\/buecking-kroeger.com\/index.php\/wp-json\/wp\/v2\/pages\/1385\/revisions"}],"predecessor-version":[{"id":1884,"href":"https:\/\/buecking-kroeger.com\/index.php\/wp-json\/wp\/v2\/pages\/1385\/revisions\/1884"}],"up":[{"embeddable":true,"href":"https:\/\/buecking-kroeger.com\/index.php\/wp-json\/wp\/v2\/pages\/6"}],"wp:attachment":[{"href":"https:\/\/buecking-kroeger.com\/index.php\/wp-json\/wp\/v2\/media?parent=1385"}],"curies":[{"name":"wp","href":"https:\/\/api.w.org\/{rel}","templated":true}]}}