{"id":1863,"date":"2020-09-02T18:50:52","date_gmt":"2020-09-02T16:50:52","guid":{"rendered":"https:\/\/www.buecking-kroeger.com\/?page_id=1863"},"modified":"2020-09-02T18:50:53","modified_gmt":"2020-09-02T16:50:53","slug":"imprint","status":"publish","type":"page","link":"https:\/\/buecking-kroeger.com\/index.php\/imprint\/?lang=en","title":{"rendered":"imprint"},"content":{"rendered":"<p style=\"text-align: left;\">b\u00fccking&amp;kr\u00f6ger GbR &#8211; Florian B\u00fccking, Raisa Kr\u00f6ger, Johanna Withelm<br \/>c\/o Raisa Kr\u00f6ger<br \/>Muskauer Str. 45<br \/>10997 Berlin<\/p>\n<p style=\"text-align: left;\">phone: +49 1794594382<br \/>email: info@buecking-kroeger.com<br \/>tax id: 14\/246\/02472<br \/>financial office: Friedrichshain-Kreuzberg<\/p>\n\n\n<p><\/p>\n","protected":false},"excerpt":{"rendered":"<p>b\u00fccking&amp;kr\u00f6ger GbR &#8211; Florian B\u00fccking, Raisa Kr\u00f6ger, Johanna Withelmc\/o Raisa Kr\u00f6gerMuskauer Str. 4510997 Berlin phone: +49 1794594382email: info@buecking-kroeger.comtax id: 14\/246\/02472financial office: Friedrichshain-Kreuzberg<\/p>\n","protected":false},"author":1,"featured_media":0,"parent":0,"menu_order":0,"comment_status":"closed","ping_status":"closed","template":"page-templates\/centered-page.php","meta":{"footnotes":""},"class_list":["post-1863","page","type-page","status-publish","hentry"],"jetpack_sharing_enabled":true,"_links":{"self":[{"href":"https:\/\/buecking-kroeger.com\/index.php\/wp-json\/wp\/v2\/pages\/1863","targetHints":{"allow":["GET"]}}],"collection":[{"href":"https:\/\/buecking-kroeger.com\/index.php\/wp-json\/wp\/v2\/pages"}],"about":[{"href":"https:\/\/buecking-kroeger.com\/index.php\/wp-json\/wp\/v2\/types\/page"}],"author":[{"embeddable":true,"href":"https:\/\/buecking-kroeger.com\/index.php\/wp-json\/wp\/v2\/users\/1"}],"replies":[{"embeddable":true,"href":"https:\/\/buecking-kroeger.com\/index.php\/wp-json\/wp\/v2\/comments?post=1863"}],"version-history":[{"count":1,"href":"https:\/\/buecking-kroeger.com\/index.php\/wp-json\/wp\/v2\/pages\/1863\/revisions"}],"predecessor-version":[{"id":1865,"href":"https:\/\/buecking-kroeger.com\/index.php\/wp-json\/wp\/v2\/pages\/1863\/revisions\/1865"}],"wp:attachment":[{"href":"https:\/\/buecking-kroeger.com\/index.php\/wp-json\/wp\/v2\/media?parent=1863"}],"curies":[{"name":"wp","href":"https:\/\/api.w.org\/{rel}","templated":true}]}}