{"id":1867,"date":"2020-09-02T18:51:56","date_gmt":"2020-09-02T16:51:56","guid":{"rendered":"https:\/\/www.buecking-kroeger.com\/?page_id=1867"},"modified":"2023-10-12T20:11:49","modified_gmt":"2023-10-12T18:11:49","slug":"bios","status":"publish","type":"page","link":"https:\/\/buecking-kroeger.com\/index.php\/bk\/bios\/?lang=en","title":{"rendered":"bios"},"content":{"rendered":"<p style=\"text-align: justify;\" align=\"JUSTIFY\"><span style=\"font-size: 12pt; font-family: georgia,palatino,serif;\">After studying sport science <strong>Florian B\u00fccking<\/strong> received an educated as a contemporary dancer in Berlin and, after an engagement at Staatstheater Oldenburg, works as a freelance dancer in and outside of Berlin. <\/span><span style=\"font-size: 12pt; font-family: georgia,palatino,serif;\">Amongst others he works with MS Schrittmacher \/ Martin Stiefermann, Zen in the Basement, wee dance company, Michael Langeneckert, Maaike van Dyke, Pick up Dance Company, Tomi Paasonen, Tanzlange, Unterwegstheater Heidelberg, battleROYAL, Clint Lutes \/ Death by Glitter, movingtheatre K\u00f6ln, Heidi Weiss, Melanie Lane, Anna Melnikova und Maya\u00a0 Caroll. He presents his own work at &#8222;Tanztage Berlin&#8220;. He Co-Choreographs with Emmanuel Obeya &#8222;Der Ring &#8211; next Generation&#8220; (Director: Robert Lehninger) at Deutsche Oper, Berlin and &#8222;Herr der Fliegen&#8220; at Deutsches Theater. Apart of that he choreographs since 2011\u00a0 pieces for Dance Students at Balance 1, Berlin. Since 2011 he belongs to the team &#8222;Unterwegstheater goes Africa&#8220; which realizes theatre productions with children from Nairobi Slums, Kenia. Since 2019 he has been on board of LAFT Berlin (State Association of the Free Performing Arts).<\/span><\/p>\n<p align=\"JUSTIFY\"><span style=\"font-family: georgia,palatino,serif; font-size: 12pt;\"><strong>Raisa Kr\u00f6ger<\/strong> is a freelance contemporary choreographer and dancer living in Berlin. After her\u00a0 education as a contemporary dancer she completed a further education in choreography at the &#8222;Tanzfabrik Berlin&#8220; with Christoph Winkler, Toula Limnaios und Jess Curtis and a somatic training with Sarah Menger (Body-Mind-Centering). As a dancer she worked with different artists like Simone Mousset, Rafal Dziemidok, Saskia Oidtmann, Romeo Castellucci, Jasmin Ihrac, Victoria Hauke\/Chris Lechner, Jo Fabian, der wee dance company\/Tanzcompany des Gerhart-Hauptmann-Theater G\u00f6rlitz-Zittau, Henrik Kaalund, Martin Stiefermann\/Staatsoper Berlin, Ilona P\u00e1szthy, Isabelle Schad, \u00d6zlem Alkis and Friederike Plafki. <\/span><span style=\"font-family: georgia,palatino,serif; font-size: 12pt;\">Beside her work as a dancer and choreographer she is part of the collaborative studio <em>garage<\/em> (www.garage-tanz.de) and was a mentor for dance within the mentoring program of the Performing Arts Programm in Berlin from 2016 till 2019.\u00a0 Together with Cilgia Gadola and Christophe Knoch she is a founding member of the production management team <em>M.i.C.A. &#8211; Movement in Contemporary Art<\/em> (www.mica-berlin.com).<\/span><\/p>\n<div class=\"\">\n<p class=\"\" align=\"JUSTIFY\"><span style=\"color: #000000;\"><span style=\"font-family: georgia,palatino,serif;\"><b class=\"\">Johanna Withelm <\/b><\/span><\/span><span style=\"color: #000000;\"><span style=\"font-family: georgia,palatino,serif;\">is a dance and theater scholar and works as a freelance writer and editor. She writes about dance, performance and pop culture and is interested in the relationship between movement, text and body. She curated the dance and performance series Tanzbad and the A.PART festival at ada studio &amp; B\u00fchne f\u00fcr zeitgen\u00f6ssischen Tanz, wrote dance reviews for ada studio and the online portal &#8222;Tanzschreiber&#8220; (Tanzb\u00fcro Berlin) as well as texts for various media and artistic publications. She worked as a text editor in various projects and organizations, and spent five years in production management at Sophiensaele, Berlin. Since 2015 she is dramaturg of the choreographer duo b\u00fccking&amp;kr\u00f6ger. Since 2023 she is editor of the tanzraumberlin magazine.<\/span><\/span><\/p>\n<\/div>\n","protected":false},"excerpt":{"rendered":"<p>After studying sport science Florian B\u00fccking received an educated as a contemporary dancer in Berlin and, after an engagement at Staatstheater Oldenburg, works as a freelance dancer in and outside of Berlin. Amongst others he works with MS Schrittmacher \/ Martin Stiefermann, Zen in the Basement, wee dance company, Michael Langeneckert, Maaike van Dyke, Pick up Dance Company, Tomi Paasonen, Tanzlange, Unterwegstheater Heidelberg, battleROYAL, Clint &hellip;<\/p>\n","protected":false},"author":1,"featured_media":0,"parent":1839,"menu_order":0,"comment_status":"closed","ping_status":"closed","template":"page-templates\/centered-page.php","meta":{"footnotes":""},"class_list":["post-1867","page","type-page","status-publish","hentry"],"jetpack_sharing_enabled":true,"_links":{"self":[{"href":"https:\/\/buecking-kroeger.com\/index.php\/wp-json\/wp\/v2\/pages\/1867","targetHints":{"allow":["GET"]}}],"collection":[{"href":"https:\/\/buecking-kroeger.com\/index.php\/wp-json\/wp\/v2\/pages"}],"about":[{"href":"https:\/\/buecking-kroeger.com\/index.php\/wp-json\/wp\/v2\/types\/page"}],"author":[{"embeddable":true,"href":"https:\/\/buecking-kroeger.com\/index.php\/wp-json\/wp\/v2\/users\/1"}],"replies":[{"embeddable":true,"href":"https:\/\/buecking-kroeger.com\/index.php\/wp-json\/wp\/v2\/comments?post=1867"}],"version-history":[{"count":7,"href":"https:\/\/buecking-kroeger.com\/index.php\/wp-json\/wp\/v2\/pages\/1867\/revisions"}],"predecessor-version":[{"id":3349,"href":"https:\/\/buecking-kroeger.com\/index.php\/wp-json\/wp\/v2\/pages\/1867\/revisions\/3349"}],"up":[{"embeddable":true,"href":"https:\/\/buecking-kroeger.com\/index.php\/wp-json\/wp\/v2\/pages\/1839"}],"wp:attachment":[{"href":"https:\/\/buecking-kroeger.com\/index.php\/wp-json\/wp\/v2\/media?parent=1867"}],"curies":[{"name":"wp","href":"https:\/\/api.w.org\/{rel}","templated":true}]}}