{"id":1994,"date":"2020-09-02T19:13:42","date_gmt":"2020-09-02T17:13:42","guid":{"rendered":"https:\/\/www.buecking-kroeger.com\/?page_id=1994"},"modified":"2020-09-02T19:13:44","modified_gmt":"2020-09-02T17:13:44","slug":"pornografie-der-emotionen","status":"publish","type":"page","link":"https:\/\/buecking-kroeger.com\/index.php\/works\/pornografie-der-emotionen\/?lang=en","title":{"rendered":"Pornografie der Emotionen"},"content":{"rendered":"<p style=\"text-align: center;\"><a href=\"https:\/\/www.buecking-kroeger.com\/wp-content\/uploads\/2017\/09\/1020057.jpg\"><img loading=\"lazy\" decoding=\"async\" class=\"alignnone wp-image-1775 size-large\" src=\"https:\/\/www.buecking-kroeger.com\/wp-content\/uploads\/2017\/09\/1020057-1024x768.jpg\" alt=\"\" width=\"975\" height=\"731\" srcset=\"https:\/\/buecking-kroeger.com\/wp-content\/uploads\/2017\/09\/1020057-1024x768.jpg 1024w, https:\/\/buecking-kroeger.com\/wp-content\/uploads\/2017\/09\/1020057-300x225.jpg 300w, https:\/\/buecking-kroeger.com\/wp-content\/uploads\/2017\/09\/1020057-768x576.jpg 768w\" sizes=\"auto, (max-width: 975px) 100vw, 975px\" \/><\/a><\/p>\n<p style=\"text-align: left;\">Beyond representation and drama b\u00fccking&amp;kr\u00f6ger investigating the physicality of emotions and question the assumptions of self-portraits, readability and interpretation. A choreographic work on the exaltation and the sale of human feelings.<\/p>\n<p style=\"text-align: left;\">Concept, choreography, performance: Florian B\u00fccking and Raisa Kr\u00f6ger<br \/>\nMusic, composition: Constantin Popp<br \/>\nSet\/graphicdesign: Fabian Reimann<br \/>\nProduction and dramaturgy: Johanna Withelm<\/p>\n<p style=\"text-align: left;\">Funded by: Bezirksamt Pankow &#8211; Fachbereich Kunst und Kultur, Berliner Senatskanzlei (stipend 2016).<br \/>\nThanks to: battleROYAL, garage<\/p>\n<div style=\"text-align: left;\">\n<p>&#8222;Mit &#8222;Pornografie der Emotionen&#8220; skizziert das Duo b\u00fccking&amp;kr\u00f6ger eine Metapher f\u00fcr den wandelnden digitalen &#8222;Zeit-K\u00f6rper&#8220; und zeigt, dass auch abstrahierte Gef\u00fchle G\u00e4nsehaut ausl\u00f6sen k\u00f6nnen&#8220; (review by Christine Matschke; source: <a href=\"http:\/\/www.tanzraumberlin.de\/bueckingundkroeger-Pornographie--1947-0.html\">http:\/\/www.tanzraumberlin.de\/bueckingundkroeger-Pornographie&#8211;1947-0.html<\/a>)<\/p>\n<p>Premiere:<br \/>\n21.09.2017 &#8211; Ballhaus Ost, Berlin<\/p>\n<\/div>\n<p style=\"text-align: left;\">further performances:<br \/>\n22.09.2017 &#8211; Ballhaus Ost, Berlin<br \/>\n23.09.2017 &#8211; Ballhaus Ost, Berlin<\/p>\n<p style=\"text-align: left;\">Duration: 53 min.<\/p>\n<p><iframe loading=\"lazy\" src=\"https:\/\/player.vimeo.com\/video\/235125321?dnt=1&amp;app_id=122963\" width=\"975\" height=\"548\" frameborder=\"0\" allow=\"autoplay; fullscreen\" allowfullscreen><\/iframe><\/p>\n","protected":false},"excerpt":{"rendered":"<p>Beyond representation and drama b\u00fccking&amp;kr\u00f6ger investigating the physicality of emotions and question the assumptions of self-portraits, readability and interpretation. A choreographic work on the exaltation and the sale of human feelings. Concept, choreography, performance: Florian B\u00fccking and Raisa Kr\u00f6ger Music, composition: Constantin Popp Set\/graphicdesign: Fabian Reimann Production and dramaturgy: Johanna Withelm Funded by: Bezirksamt Pankow &#8211; Fachbereich Kunst und Kultur, Berliner Senatskanzlei (stipend 2016). Thanks &hellip;<\/p>\n","protected":false},"author":1,"featured_media":0,"parent":1823,"menu_order":0,"comment_status":"closed","ping_status":"closed","template":"page-templates\/centered-page.php","meta":{"footnotes":""},"class_list":["post-1994","page","type-page","status-publish","hentry"],"jetpack_sharing_enabled":true,"_links":{"self":[{"href":"https:\/\/buecking-kroeger.com\/index.php\/wp-json\/wp\/v2\/pages\/1994","targetHints":{"allow":["GET"]}}],"collection":[{"href":"https:\/\/buecking-kroeger.com\/index.php\/wp-json\/wp\/v2\/pages"}],"about":[{"href":"https:\/\/buecking-kroeger.com\/index.php\/wp-json\/wp\/v2\/types\/page"}],"author":[{"embeddable":true,"href":"https:\/\/buecking-kroeger.com\/index.php\/wp-json\/wp\/v2\/users\/1"}],"replies":[{"embeddable":true,"href":"https:\/\/buecking-kroeger.com\/index.php\/wp-json\/wp\/v2\/comments?post=1994"}],"version-history":[{"count":1,"href":"https:\/\/buecking-kroeger.com\/index.php\/wp-json\/wp\/v2\/pages\/1994\/revisions"}],"predecessor-version":[{"id":1996,"href":"https:\/\/buecking-kroeger.com\/index.php\/wp-json\/wp\/v2\/pages\/1994\/revisions\/1996"}],"up":[{"embeddable":true,"href":"https:\/\/buecking-kroeger.com\/index.php\/wp-json\/wp\/v2\/pages\/1823"}],"wp:attachment":[{"href":"https:\/\/buecking-kroeger.com\/index.php\/wp-json\/wp\/v2\/media?parent=1994"}],"curies":[{"name":"wp","href":"https:\/\/api.w.org\/{rel}","templated":true}]}}