{"id":2,"date":"2015-07-16T21:17:21","date_gmt":"2015-07-16T19:17:21","guid":{"rendered":"http:\/\/www.buecking-kroeger.com\/?page_id=2"},"modified":"2021-07-09T15:53:35","modified_gmt":"2021-07-09T13:53:35","slug":"beispiel-seite","status":"publish","type":"page","link":"https:\/\/buecking-kroeger.com\/index.php\/beispiel-seite\/","title":{"rendered":"b&#038;k"},"content":{"rendered":"<p><a href=\"http:\/\/www.buecking-kroeger.com\/wp-content\/uploads\/2015\/12\/IMG_6624.jpg\"><img loading=\"lazy\" decoding=\"async\" class=\"alignnone size-medium wp-image-191\" src=\"http:\/\/www.buecking-kroeger.com\/wp-content\/uploads\/2015\/12\/IMG_6624-300x200.jpg\" alt=\"IMG_6624\" width=\"300\" height=\"200\" srcset=\"https:\/\/buecking-kroeger.com\/wp-content\/uploads\/2015\/12\/IMG_6624-300x200.jpg 300w, https:\/\/buecking-kroeger.com\/wp-content\/uploads\/2015\/12\/IMG_6624-1024x684.jpg 1024w, https:\/\/buecking-kroeger.com\/wp-content\/uploads\/2015\/12\/IMG_6624.jpg 1206w\" sizes=\"auto, (max-width: 300px) 100vw, 300px\" \/><\/a><\/p>\n<p style=\"text-align: center;\" align=\"JUSTIFY\"><span style=\"color: #000000;\"><span style=\"font-size: medium;\"><i>b\u00fccking&amp;kr\u00f6ger<\/i><\/span><\/span><span style=\"color: #000000;\"><span style=\"font-size: medium;\"> ist der Zusammenschluss der beiden T\u00e4nzerchoreografInnen Florian B\u00fccking und Raisa Kr\u00f6ger und der Produktionsdramaturgin Johanna Withelm. Nach zehn Jahren agilen Treibens als T\u00e4nzer*innen und Tanzschaffende in und ausserhalb der Berliner Tanzszene kam es im Jahr 2014 zur Gr\u00fcndung von <\/span><\/span><span style=\"color: #000000;\"><span style=\"font-size: medium;\"><i>b\u00fccking&amp;kr\u00f6ger<\/i><\/span><\/span><span style=\"color: #000000;\"><span style=\"font-size: medium;\">, um gemeinsam die zahlreichen Erfahrungen und <\/span><\/span><span style=\"color: #000000;\"><span style=\"font-size: medium;\"> Ans\u00e4tze ihrer jeweiligen beruflichen Karrieren zu b\u00fcndeln und gemeinsam choreografisch zu arbeiten. Als kreativ arbeitender Zusammenschluss <\/span><\/span><span style=\"font-size: medium;\">setzen sie sich seitdem im weitesten Sinne mit Tanz, Architektur\/ Bildende Kunst und Performance auseinander. Bisher entstanden zahlreiche Arbeiten unterschiedlicher Format &#8211; Kurzst\u00fccke,\u00a0 abendf\u00fcllende Produktionen, Videoarbeiten und eine Performance im Kontext eines Konzerttanzabends (in Kollaboration mit Cora Frost). <\/span><span style=\"font-size: medium;\">Die Arbeiten von <em>b\u00fccking&amp;kr\u00f6ger<\/em> zeichnen sich durch ihren klaren Fokus auf den K\u00f6rper und die mit Bewegungen einhergehenden Zust\u00e4nde aus und entstehen oftmals in Zusammenarbeit mit K\u00fcnstler*innen anderer Bereich wie dem der Bildenden Kunst und der Musik. <\/span><\/p>\n<p style=\"text-align: center;\"><a href=\"https:\/\/vimeo.com\/user35601454\">b\u00fccking&amp;kr\u00f6ger @ vimeo<\/a><\/p>\n","protected":false},"excerpt":{"rendered":"<p>b\u00fccking&amp;kr\u00f6ger ist der Zusammenschluss der beiden T\u00e4nzerchoreografInnen Florian B\u00fccking und Raisa Kr\u00f6ger und der Produktionsdramaturgin Johanna Withelm. Nach zehn Jahren agilen Treibens als T\u00e4nzer*innen und Tanzschaffende in und ausserhalb der Berliner Tanzszene kam es im Jahr 2014 zur Gr\u00fcndung von b\u00fccking&amp;kr\u00f6ger, um gemeinsam die zahlreichen Erfahrungen und Ans\u00e4tze ihrer jeweiligen beruflichen Karrieren zu b\u00fcndeln und gemeinsam choreografisch zu arbeiten. Als kreativ arbeitender Zusammenschluss setzen sie &hellip;<\/p>\n","protected":false},"author":1,"featured_media":0,"parent":0,"menu_order":0,"comment_status":"open","ping_status":"closed","template":"page-templates\/centered-page.php","meta":{"footnotes":""},"class_list":["post-2","page","type-page","status-publish","hentry"],"jetpack_sharing_enabled":true,"_links":{"self":[{"href":"https:\/\/buecking-kroeger.com\/index.php\/wp-json\/wp\/v2\/pages\/2","targetHints":{"allow":["GET"]}}],"collection":[{"href":"https:\/\/buecking-kroeger.com\/index.php\/wp-json\/wp\/v2\/pages"}],"about":[{"href":"https:\/\/buecking-kroeger.com\/index.php\/wp-json\/wp\/v2\/types\/page"}],"author":[{"embeddable":true,"href":"https:\/\/buecking-kroeger.com\/index.php\/wp-json\/wp\/v2\/users\/1"}],"replies":[{"embeddable":true,"href":"https:\/\/buecking-kroeger.com\/index.php\/wp-json\/wp\/v2\/comments?post=2"}],"version-history":[{"count":52,"href":"https:\/\/buecking-kroeger.com\/index.php\/wp-json\/wp\/v2\/pages\/2\/revisions"}],"predecessor-version":[{"id":2666,"href":"https:\/\/buecking-kroeger.com\/index.php\/wp-json\/wp\/v2\/pages\/2\/revisions\/2666"}],"wp:attachment":[{"href":"https:\/\/buecking-kroeger.com\/index.php\/wp-json\/wp\/v2\/media?parent=2"}],"curies":[{"name":"wp","href":"https:\/\/api.w.org\/{rel}","templated":true}]}}