{"id":2449,"date":"2021-06-07T10:53:18","date_gmt":"2021-06-07T08:53:18","guid":{"rendered":"https:\/\/www.buecking-kroeger.com\/?page_id=2449"},"modified":"2023-10-10T11:17:28","modified_gmt":"2023-10-10T09:17:28","slug":"all-we-got-to-do","status":"publish","type":"page","link":"https:\/\/buecking-kroeger.com\/index.php\/all-we-got-to-do\/","title":{"rendered":"all we got to do (Tanzfilm)"},"content":{"rendered":"<p style=\"text-align: left;\"><a href=\"https:\/\/www.buecking-kroeger.com\/wp-content\/uploads\/2021\/06\/IMG_1025-scaled.jpg\"><img loading=\"lazy\" decoding=\"async\" class=\"size-large wp-image-2453 aligncenter\" src=\"https:\/\/www.buecking-kroeger.com\/wp-content\/uploads\/2021\/06\/IMG_1025-1024x738.jpg\" alt=\"\" width=\"975\" height=\"703\" srcset=\"https:\/\/buecking-kroeger.com\/wp-content\/uploads\/2021\/06\/IMG_1025-1024x738.jpg 1024w, https:\/\/buecking-kroeger.com\/wp-content\/uploads\/2021\/06\/IMG_1025-300x216.jpg 300w, https:\/\/buecking-kroeger.com\/wp-content\/uploads\/2021\/06\/IMG_1025-768x554.jpg 768w, https:\/\/buecking-kroeger.com\/wp-content\/uploads\/2021\/06\/IMG_1025-1536x1107.jpg 1536w, https:\/\/buecking-kroeger.com\/wp-content\/uploads\/2021\/06\/IMG_1025-2048x1477.jpg 2048w\" sizes=\"auto, (max-width: 975px) 100vw, 975px\" \/><\/a><\/p>\n<p class=\"has-text-align-left\" style=\"text-align: left;\">Der Tanzfilm &#8222;all we got to do&#8220; von b\u00fccking&amp;kr\u00f6ger besch\u00e4ftigt sich mit krisenhaften K\u00f6rpern, mit Umbruch und Neubeginn. Zwei T\u00e4nzer*innen-K\u00f6rper, denen Spuren der Ersch\u00fctterung eingeschrieben sind, befinden sich an einer Art Nullpunkt. Sie versuchen gemeinsam neue Schritte zu gehen, weiterzumachen, festzuhalten, neu zu lernen, sich zu k\u00fcmmern, loszulassen. Sie loten ihre K\u00f6rpergrenzen neu aus, suchen neue Formen des Kontakts, und fragen sich, wie geht das nochmal das Zusammen-in-der-Welt-sein?<\/p>\n<p class=\"has-text-align-left\" style=\"text-align: left;\">Schwebend im luftleeren Raum und im Schatten der Krise werden grundlegende Fragen von Miteinander neu verhandelt. Es entsteht ein behutsames Portrait von N\u00e4he, Zweisamkeit und Neuanfang.<\/p>\n<p style=\"text-align: left;\">Konzept, Choreografie, Performance: Florian B\u00fccking und Raisa Kr\u00f6ger<br \/>Videografie und Kamera: Mayra Wallraff<br \/>Dramaturgie: Johanna Withelm<br \/>Sound: Julius Born<br \/>Kost\u00fcm: Malena Mod\u00e9er<br \/>Licht: Martin Pilz<br \/>Video Editing: Duncan McDade<br \/>Grafik Design: Fabian Reimann<\/p>\n<p style=\"text-align: left;\">Gef\u00f6rdert vom Fonds Darstellende K\u00fcnste aus Mitteln der Beauftragten der Bundesregierung f\u00fcr Kultur und Medien. <br \/>Unterst\u00fctzt von: battle ROYAL, garage, Theaterhaus Mitte<\/p>\n<p class=\"has-text-align-left\" style=\"text-align: left;\">11. \u2013 25.06.2021 \u2013 dringeblieben<br \/>26.06.2021 &#8211; garage @Fahrbereitschaft, Gallery Weekend Berlin<\/p>\n<p class=\"has-text-align-left\" style=\"text-align: left;\">Dauer: 30:00 min.<\/p>\n<p><iframe loading=\"lazy\" title=\"all we got to do (Tanzfilm)\" src=\"https:\/\/player.vimeo.com\/video\/561509283?dnt=1&amp;app_id=122963\" width=\"975\" height=\"548\" frameborder=\"0\" allow=\"autoplay; fullscreen; picture-in-picture\"><\/iframe><\/p>\n\n\n<p><\/p>\n","protected":false},"excerpt":{"rendered":"<p>Der Tanzfilm &#8222;all we got to do&#8220; von b\u00fccking&amp;kr\u00f6ger besch\u00e4ftigt sich mit krisenhaften K\u00f6rpern, mit Umbruch und Neubeginn. Zwei T\u00e4nzer*innen-K\u00f6rper, denen Spuren der Ersch\u00fctterung eingeschrieben sind, befinden sich an einer Art Nullpunkt. Sie versuchen gemeinsam neue Schritte zu gehen, weiterzumachen, festzuhalten, neu zu lernen, sich zu k\u00fcmmern, loszulassen. Sie loten ihre K\u00f6rpergrenzen neu aus, suchen neue Formen des Kontakts, und fragen sich, wie geht das &hellip;<\/p>\n","protected":false},"author":1,"featured_media":0,"parent":0,"menu_order":0,"comment_status":"closed","ping_status":"closed","template":"page-templates\/centered-page.php","meta":{"footnotes":""},"class_list":["post-2449","page","type-page","status-publish","hentry"],"jetpack_sharing_enabled":true,"_links":{"self":[{"href":"https:\/\/buecking-kroeger.com\/index.php\/wp-json\/wp\/v2\/pages\/2449","targetHints":{"allow":["GET"]}}],"collection":[{"href":"https:\/\/buecking-kroeger.com\/index.php\/wp-json\/wp\/v2\/pages"}],"about":[{"href":"https:\/\/buecking-kroeger.com\/index.php\/wp-json\/wp\/v2\/types\/page"}],"author":[{"embeddable":true,"href":"https:\/\/buecking-kroeger.com\/index.php\/wp-json\/wp\/v2\/users\/1"}],"replies":[{"embeddable":true,"href":"https:\/\/buecking-kroeger.com\/index.php\/wp-json\/wp\/v2\/comments?post=2449"}],"version-history":[{"count":21,"href":"https:\/\/buecking-kroeger.com\/index.php\/wp-json\/wp\/v2\/pages\/2449\/revisions"}],"predecessor-version":[{"id":3338,"href":"https:\/\/buecking-kroeger.com\/index.php\/wp-json\/wp\/v2\/pages\/2449\/revisions\/3338"}],"wp:attachment":[{"href":"https:\/\/buecking-kroeger.com\/index.php\/wp-json\/wp\/v2\/media?parent=2449"}],"curies":[{"name":"wp","href":"https:\/\/api.w.org\/{rel}","templated":true}]}}