{"id":2629,"date":"2021-06-08T11:59:21","date_gmt":"2021-06-08T09:59:21","guid":{"rendered":"https:\/\/www.buecking-kroeger.com\/?page_id=2629"},"modified":"2021-06-08T12:36:00","modified_gmt":"2021-06-08T10:36:00","slug":"gretehans","status":"publish","type":"page","link":"https:\/\/buecking-kroeger.com\/index.php\/gretehans\/","title":{"rendered":"grete&#038;hans"},"content":{"rendered":"<p><a href=\"https:\/\/www.buecking-kroeger.com\/wp-content\/uploads\/2021\/06\/IMG_6236.jpg\"><img loading=\"lazy\" decoding=\"async\" class=\"alignnone size-full wp-image-2635\" src=\"https:\/\/www.buecking-kroeger.com\/wp-content\/uploads\/2021\/06\/IMG_6236.jpg\" alt=\"\" width=\"960\" height=\"720\" srcset=\"https:\/\/buecking-kroeger.com\/wp-content\/uploads\/2021\/06\/IMG_6236.jpg 960w, https:\/\/buecking-kroeger.com\/wp-content\/uploads\/2021\/06\/IMG_6236-300x225.jpg 300w, https:\/\/buecking-kroeger.com\/wp-content\/uploads\/2021\/06\/IMG_6236-768x576.jpg 768w\" sizes=\"auto, (max-width: 960px) 100vw, 960px\" \/><\/a><\/p>\n\n\n<p class=\"has-text-align-left\"><em>In keinem modernen Lande der Welt ist das Waldgef\u00fchl so lebendig geblieben wie in Deutschland. Das Rigide und Parallele der aufrechtstehenden B\u00e4ume, ihre Dichte und ihre Zahl erf\u00fcllt das Herz des Deutschen mit tiefer und geheimnisvoller Freude. Er sucht den Wald, in dem seine Vorfahren gelebt haben, noch heute gerne auf und f\u00fchlt sich eins mit den B\u00e4umen. [\u2026] Der Wald der gem\u00e4\u00dfigten Zone hat seinen anschaulichen Rhythmus. Das Auge verliert sich, an den sichtbaren St\u00e4mmen entlang, in eine immer gleiche Ferne. <\/em>(E.Canetti \u201eMasse und Macht\u201c)<\/p>\n\n\n\n<p class=\"has-text-align-left\">&#8222;H\u00e4nsel und Gretel verirrten sich im Wald.\u201c (1.Zeile deutsches Kinderlied)<\/p>\n\n\n\n<p class=\"has-text-align-left\">Konzept, Choreografie und Performance: Florian B\u00fccking und Raisa Kr\u00f6ger<br>Sound: Julius Born<br><\/p>\n\n\n\n<p class=\"has-text-align-left\">Dank an: Johanna Withelm, Katharina Meyer<br>Im Rahmen des Festivals Tempelhofer Wald<br>23. &#8211; 25.08.2019 <\/p>\n\n\n\n<p class=\"has-text-align-left\">Dauer: 10 Minuten<\/p>\n","protected":false},"excerpt":{"rendered":"<p>In keinem modernen Lande der Welt ist das Waldgef\u00fchl so lebendig geblieben wie in Deutschland. Das Rigide und Parallele der aufrechtstehenden B\u00e4ume, ihre Dichte und ihre Zahl erf\u00fcllt das Herz des Deutschen mit tiefer und geheimnisvoller Freude. Er sucht den Wald, in dem seine Vorfahren gelebt haben, noch heute gerne auf und f\u00fchlt sich eins mit den B\u00e4umen. [\u2026] Der Wald der gem\u00e4\u00dfigten Zone hat &hellip;<\/p>\n","protected":false},"author":1,"featured_media":0,"parent":0,"menu_order":0,"comment_status":"closed","ping_status":"closed","template":"page-templates\/centered-page.php","meta":{"footnotes":""},"class_list":["post-2629","page","type-page","status-publish","hentry"],"jetpack_sharing_enabled":true,"_links":{"self":[{"href":"https:\/\/buecking-kroeger.com\/index.php\/wp-json\/wp\/v2\/pages\/2629","targetHints":{"allow":["GET"]}}],"collection":[{"href":"https:\/\/buecking-kroeger.com\/index.php\/wp-json\/wp\/v2\/pages"}],"about":[{"href":"https:\/\/buecking-kroeger.com\/index.php\/wp-json\/wp\/v2\/types\/page"}],"author":[{"embeddable":true,"href":"https:\/\/buecking-kroeger.com\/index.php\/wp-json\/wp\/v2\/users\/1"}],"replies":[{"embeddable":true,"href":"https:\/\/buecking-kroeger.com\/index.php\/wp-json\/wp\/v2\/comments?post=2629"}],"version-history":[{"count":4,"href":"https:\/\/buecking-kroeger.com\/index.php\/wp-json\/wp\/v2\/pages\/2629\/revisions"}],"predecessor-version":[{"id":2648,"href":"https:\/\/buecking-kroeger.com\/index.php\/wp-json\/wp\/v2\/pages\/2629\/revisions\/2648"}],"wp:attachment":[{"href":"https:\/\/buecking-kroeger.com\/index.php\/wp-json\/wp\/v2\/media?parent=2629"}],"curies":[{"name":"wp","href":"https:\/\/api.w.org\/{rel}","templated":true}]}}