{"id":2760,"date":"2022-06-02T11:51:00","date_gmt":"2022-06-02T09:51:00","guid":{"rendered":"https:\/\/www.buecking-kroeger.com\/?page_id=2760"},"modified":"2022-09-19T12:20:48","modified_gmt":"2022-09-19T10:20:48","slug":"all-we-got-to-do-2","status":"publish","type":"page","link":"https:\/\/buecking-kroeger.com\/index.php\/all-we-got-to-do-2\/","title":{"rendered":"all we got to do"},"content":{"rendered":"<p style=\"text-align: center;\"><a href=\"https:\/\/www.buecking-kroeger.com\/wp-content\/uploads\/2022\/09\/bk-all-we-got-to-do-Bu\u0308hne-182-scaled.jpg\"><img loading=\"lazy\" decoding=\"async\" class=\"alignnone size-large wp-image-2853\" src=\"https:\/\/www.buecking-kroeger.com\/wp-content\/uploads\/2022\/09\/bk-all-we-got-to-do-Bu\u0308hne-182-1024x683.jpg\" alt=\"\" width=\"975\" height=\"650\" srcset=\"https:\/\/buecking-kroeger.com\/wp-content\/uploads\/2022\/09\/bk-all-we-got-to-do-Bu\u0308hne-182-1024x683.jpg 1024w, https:\/\/buecking-kroeger.com\/wp-content\/uploads\/2022\/09\/bk-all-we-got-to-do-Bu\u0308hne-182-300x200.jpg 300w, https:\/\/buecking-kroeger.com\/wp-content\/uploads\/2022\/09\/bk-all-we-got-to-do-Bu\u0308hne-182-768x512.jpg 768w, https:\/\/buecking-kroeger.com\/wp-content\/uploads\/2022\/09\/bk-all-we-got-to-do-Bu\u0308hne-182-1536x1024.jpg 1536w, https:\/\/buecking-kroeger.com\/wp-content\/uploads\/2022\/09\/bk-all-we-got-to-do-Bu\u0308hne-182-2048x1365.jpg 2048w\" sizes=\"auto, (max-width: 975px) 100vw, 975px\" \/><\/a><\/p>\n<p style=\"text-align: left;\">Die Proben zu &#8222;all we got to do&#8220; begannen im Winter 2021 und markierten einen Neubeginn unserer physischen Praxis nach einem Jahr Pandemie. Unsere K\u00f6rper hatten sich ver\u00e4ndert und waren durch R\u00fcckzug nach Innen gepr\u00e4gt, dadurch hatte sich auch unsere Praxis ver\u00e4ndert &#8211; vergangene Prinzipien von Kontakt und Ber\u00fchrung schienen nicht mehr einfach zu gelten, mussten neu gelernt werden. Entstanden ist eine Arbeit \u00fcber krisenhafte K\u00f6rper, Umbruch und Neubeginn: Zwei T\u00e4nzer*innen-K\u00f6rper, in denen Spuren der Ersch\u00fctterung eingeschrieben sind, befinden sich an einer Art Nullpunkt. Sie gehen erste gemeinsame Schritte, bauen neue (K\u00f6rper-)Formen, loten Grenzen zum Gegen\u00fcber neu aus, und fragen sich, wie geht das nochmal das Zusammen-in-der-Welt-sein? Sie folgen einer Versuchsanordnung \u00fcber das Weitermachen, Festhalten, neu Lernen, K\u00fcmmern und Loslassen. \u00dcber <em>all das, was wir machen m\u00fcssen<\/em>, wenn wir von vorne anfangen.<\/p>\n<p style=\"text-align: left;\">Konzept, Choreografie, Tanz: Florian B\u00fccking, Raisa Kr\u00f6ger<br \/>\nDramaturgie, Presse, \u00d6A, Produktionsleitung: Johanna Withelm<br \/>\nSound: Julius Born<br \/>\nKost\u00fcm: Malena Mod\u00e9er<br \/>\nLicht: Martin Pilz<br \/>\nGrafik: Fabian Reimann<br \/>\nMitarbeit Produktion: Katharina Meyer<\/p>\n<p style=\"text-align: left;\">Eine Produktion von b\u00fccking&amp;kr\u00f6ger in Kooperation mit DOCK ART GmbH. Gef\u00f6rdert vom Fonds Darstellende K\u00fcnste aus Mitteln der Beauftragten der Bundesregierung f\u00fcr Kultur und Medien im Rahmen von NEUSTART KULTUR. Mit freundlicher Unterst\u00fctzung von Garage und Theaterhaus Mitte.<\/p>\n<p style=\"text-align: left;\">Premiere<br \/>\n05.05.2022 &#8211; Dock11, Berlin<\/p>\n<p style=\"text-align: left;\">Weitere Vorstellungen<br \/>\n06.05.2022 &#8211; Dock11, Berlin<br \/>\n07.05.2022 &#8211; Dock11, Berlin<br \/>\n08.05.2022 &#8211; Dock11, Berlin<\/p>\n<p style=\"text-align: left;\">Dauer: 45 min.<\/p>\n<p><iframe loading=\"lazy\" src=\"https:\/\/player.vimeo.com\/video\/707479901?h=36c045337c&amp;dnt=1&amp;app_id=122963\" width=\"975\" height=\"548\" frameborder=\"0\" allow=\"autoplay; fullscreen; picture-in-picture\" allowfullscreen><\/iframe><\/p>\n","protected":false},"excerpt":{"rendered":"<p>Die Proben zu &#8222;all we got to do&#8220; begannen im Winter 2021 und markierten einen Neubeginn unserer physischen Praxis nach einem Jahr Pandemie. Unsere K\u00f6rper hatten sich ver\u00e4ndert und waren durch R\u00fcckzug nach Innen gepr\u00e4gt, dadurch hatte sich auch unsere Praxis ver\u00e4ndert &#8211; vergangene Prinzipien von Kontakt und Ber\u00fchrung schienen nicht mehr einfach zu gelten, mussten neu gelernt werden. Entstanden ist eine Arbeit \u00fcber krisenhafte &hellip;<\/p>\n","protected":false},"author":1,"featured_media":0,"parent":0,"menu_order":0,"comment_status":"closed","ping_status":"closed","template":"page-templates\/centered-page.php","meta":{"footnotes":""},"class_list":["post-2760","page","type-page","status-publish","hentry"],"jetpack_sharing_enabled":true,"_links":{"self":[{"href":"https:\/\/buecking-kroeger.com\/index.php\/wp-json\/wp\/v2\/pages\/2760","targetHints":{"allow":["GET"]}}],"collection":[{"href":"https:\/\/buecking-kroeger.com\/index.php\/wp-json\/wp\/v2\/pages"}],"about":[{"href":"https:\/\/buecking-kroeger.com\/index.php\/wp-json\/wp\/v2\/types\/page"}],"author":[{"embeddable":true,"href":"https:\/\/buecking-kroeger.com\/index.php\/wp-json\/wp\/v2\/users\/1"}],"replies":[{"embeddable":true,"href":"https:\/\/buecking-kroeger.com\/index.php\/wp-json\/wp\/v2\/comments?post=2760"}],"version-history":[{"count":26,"href":"https:\/\/buecking-kroeger.com\/index.php\/wp-json\/wp\/v2\/pages\/2760\/revisions"}],"predecessor-version":[{"id":3153,"href":"https:\/\/buecking-kroeger.com\/index.php\/wp-json\/wp\/v2\/pages\/2760\/revisions\/3153"}],"wp:attachment":[{"href":"https:\/\/buecking-kroeger.com\/index.php\/wp-json\/wp\/v2\/media?parent=2760"}],"curies":[{"name":"wp","href":"https:\/\/api.w.org\/{rel}","templated":true}]}}