{"id":2764,"date":"2022-06-02T11:54:38","date_gmt":"2022-06-02T09:54:38","guid":{"rendered":"https:\/\/www.buecking-kroeger.com\/?page_id=2764"},"modified":"2022-09-19T12:27:14","modified_gmt":"2022-09-19T10:27:14","slug":"all-we-got-to-do-2","status":"publish","type":"page","link":"https:\/\/buecking-kroeger.com\/index.php\/all-we-got-to-do-2\/?lang=en","title":{"rendered":"all we got to do"},"content":{"rendered":"\n<p><\/p>\n\n\n<p><a href=\"https:\/\/www.buecking-kroeger.com\/wp-content\/uploads\/2022\/09\/bk-all-we-got-to-do-Bu\u0308hne-182-scaled.jpg\"><img loading=\"lazy\" decoding=\"async\" class=\"aligncenter size-large wp-image-2854\" src=\"https:\/\/www.buecking-kroeger.com\/wp-content\/uploads\/2022\/09\/bk-all-we-got-to-do-Bu\u0308hne-182-1024x683.jpg\" alt=\"\" width=\"975\" height=\"650\" srcset=\"https:\/\/buecking-kroeger.com\/wp-content\/uploads\/2022\/09\/bk-all-we-got-to-do-Bu\u0308hne-182-1024x683.jpg 1024w, https:\/\/buecking-kroeger.com\/wp-content\/uploads\/2022\/09\/bk-all-we-got-to-do-Bu\u0308hne-182-300x200.jpg 300w, https:\/\/buecking-kroeger.com\/wp-content\/uploads\/2022\/09\/bk-all-we-got-to-do-Bu\u0308hne-182-768x512.jpg 768w, https:\/\/buecking-kroeger.com\/wp-content\/uploads\/2022\/09\/bk-all-we-got-to-do-Bu\u0308hne-182-1536x1024.jpg 1536w, https:\/\/buecking-kroeger.com\/wp-content\/uploads\/2022\/09\/bk-all-we-got-to-do-Bu\u0308hne-182-2048x1365.jpg 2048w\" sizes=\"auto, (max-width: 975px) 100vw, 975px\" \/><\/a><\/p>\n<p style=\"text-align: left;\">Rehearsals for &#8222;all we got to do&#8220; began in the winter of 2021 and marked a new beginning in our physical practice after a year of pandemic. Our bodies had changed and were characterized by retreat inward, thus our practice had also changed &#8211; past principles of contact and touch no longer seemed to simply apply, had to be relearned. The result is a work about bodies in crisis, upheaval and new beginnings: two dancers&#8216; bodies, in which traces of shock are inscribed, find themselves at a kind of zero point. They take their first steps together, build new (bodily) forms, sound out the boundaries to their counterparts anew, and ask themselves, how does it work again to be together in the world? They follow an experimental arrangement about moving on, holding on, learning anew, taking care and letting go. About all that we have to do when we start all over again.<\/p>\n<p style=\"text-align: left;\">Concept, choreography, dance: Florian B\u00fccking, Raisa Kr\u00f6ger<br \/>Dramaturgy, press, public relations, production management: Johanna Withelm<br \/>Sound: Julius Born<br \/>Costume: Malena Mod\u00e9er<br \/>Light: Martin Pilz<br \/>Graphics: Fabian Reimann<br \/>Collaboration Production: Katharina Meyer<\/p>\n<p style=\"text-align: left;\">A production by b\u00fccking&amp;kr\u00f6ger in cooperation with DOCK ART GmbH. Supported by Fonds Darstellende K\u00fcnste with funds from the Federal Government Commissioner for Culture and the Media as part of NEUSTART KULTUR. With the kind support of Garage and Theaterhaus Mitte.<\/p>\n<p style=\"text-align: left;\">Premiere<br \/>05.05.2022 &#8211; Dock11, Berlin<\/p>\n<p style=\"text-align: left;\">Further performances<br \/>06.05.2022 &#8211; Dock11, Berlin<br \/>07.05.2022 &#8211; Dock11, Berlin<br \/>08.05.2022 &#8211; Dock11, Berlin<\/p>\n<p style=\"text-align: left;\">Duration: 45 min.<\/p>\n<p><iframe loading=\"lazy\" src=\"https:\/\/player.vimeo.com\/video\/707479901?h=36c045337c&amp;dnt=1&amp;app_id=122963\" width=\"975\" height=\"548\" frameborder=\"0\" allow=\"autoplay; fullscreen; picture-in-picture\" allowfullscreen><\/iframe><\/p>","protected":false},"excerpt":{"rendered":"<p>Rehearsals for &#8222;all we got to do&#8220; began in the winter of 2021 and marked a new beginning in our physical practice after a year of pandemic. Our bodies had changed and were characterized by retreat inward, thus our practice had also changed &#8211; past principles of contact and touch no longer seemed to simply apply, had to be relearned. The result is a work &hellip;<\/p>\n","protected":false},"author":1,"featured_media":0,"parent":0,"menu_order":0,"comment_status":"closed","ping_status":"closed","template":"page-templates\/centered-page.php","meta":{"footnotes":""},"class_list":["post-2764","page","type-page","status-publish","hentry"],"jetpack_sharing_enabled":true,"_links":{"self":[{"href":"https:\/\/buecking-kroeger.com\/index.php\/wp-json\/wp\/v2\/pages\/2764","targetHints":{"allow":["GET"]}}],"collection":[{"href":"https:\/\/buecking-kroeger.com\/index.php\/wp-json\/wp\/v2\/pages"}],"about":[{"href":"https:\/\/buecking-kroeger.com\/index.php\/wp-json\/wp\/v2\/types\/page"}],"author":[{"embeddable":true,"href":"https:\/\/buecking-kroeger.com\/index.php\/wp-json\/wp\/v2\/users\/1"}],"replies":[{"embeddable":true,"href":"https:\/\/buecking-kroeger.com\/index.php\/wp-json\/wp\/v2\/comments?post=2764"}],"version-history":[{"count":17,"href":"https:\/\/buecking-kroeger.com\/index.php\/wp-json\/wp\/v2\/pages\/2764\/revisions"}],"predecessor-version":[{"id":3254,"href":"https:\/\/buecking-kroeger.com\/index.php\/wp-json\/wp\/v2\/pages\/2764\/revisions\/3254"}],"wp:attachment":[{"href":"https:\/\/buecking-kroeger.com\/index.php\/wp-json\/wp\/v2\/media?parent=2764"}],"curies":[{"name":"wp","href":"https:\/\/api.w.org\/{rel}","templated":true}]}}