{"id":2807,"date":"2022-09-18T22:29:23","date_gmt":"2022-09-18T20:29:23","guid":{"rendered":"https:\/\/www.buecking-kroeger.com\/?page_id=2807"},"modified":"2023-10-12T13:12:23","modified_gmt":"2023-10-12T11:12:23","slug":"augmented-hyperbodies","status":"publish","type":"page","link":"https:\/\/buecking-kroeger.com\/index.php\/augmented-hyperbodies\/","title":{"rendered":"augmented HYPERBODIES"},"content":{"rendered":"<p style=\"text-align: center;\"><a href=\"https:\/\/www.buecking-kroeger.com\/wp-content\/uploads\/2022\/10\/STILL_02-1024x576.jpg\"><img loading=\"lazy\" decoding=\"async\" class=\"aligncenter size-large wp-image-3177\" src=\"https:\/\/www.buecking-kroeger.com\/wp-content\/uploads\/2022\/10\/STILL_02-1024x576.jpg\" alt=\"\" width=\"975\" height=\"548\" srcset=\"https:\/\/buecking-kroeger.com\/wp-content\/uploads\/2022\/10\/STILL_02-1024x576.jpg 1024w, https:\/\/buecking-kroeger.com\/wp-content\/uploads\/2022\/10\/STILL_02-300x169.jpg 300w, https:\/\/buecking-kroeger.com\/wp-content\/uploads\/2022\/10\/STILL_02-768x432.jpg 768w, https:\/\/buecking-kroeger.com\/wp-content\/uploads\/2022\/10\/STILL_02-1536x864.jpg 1536w, https:\/\/buecking-kroeger.com\/wp-content\/uploads\/2022\/10\/STILL_02.jpg 1920w\" sizes=\"auto, (max-width: 975px) 100vw, 975px\" \/><\/a><\/p>\n<p style=\"text-align: left;\">Mit dem immersiven Tanzfilm &#8222;augmented HYPERBODIES&#8220; wenden b\u00fccking&amp;kr\u00f6ger Elementen der Augmented Reality auf ihre k\u00fcnstlerische Praxis rund um Bewegung, Tanz und Choreografie an.<\/p>\n<p style=\"text-align: left;\">Ausgangspunkt ist die 2019 uraufgef\u00fchrte Produktion &#8222;HYPERBODIES&#8220; die Ph\u00e4nomene des Pathos, der Schw\u00fclstigkeit und der \u00dcbertreibung untersuchte. Wie manifestiert sich Pathos im K\u00f6rper? Wie werden pathetische K\u00f6rperbilder produziert und wie lassen sie sich entmachten? Umgebaute, gebogene, \u00fcberladene K\u00f6rper werden transformiert, kippen nach und nach aus ihrer Form und zerflie\u00dfen in \u00fcberdimensionale schw\u00fclstige Gebilde: HYPERBODIES. Auf der Leinwand oder dem Bildschirm offenbaren sie ihre anziehende Wirkung &#8211; und werden zugleich darin entlarvt.<\/p>\n<p style=\"text-align: left;\">Konzept, Choreografie, Tanz: Florian B\u00fccking, Raisa Kr\u00f6ger<br \/>Konzept, Projektmanagement und Presse\/\u00d6A: Johanna Withelm<br \/>Kamera Wald: Mayra Wallraff<br \/>Kamera Studio: Kris Limbach<br \/>Kamera Drohne: Ayko Bleisch<br \/>Licht: Charlie Wittenstein<br \/>Editing und VFX: Duncan McDade<br \/>Sound: Julius Born<br \/>Kost\u00fcm: Michiel Keuper<br \/>Set und Grafik: Fabian Reimann<br \/>Technische Assistenz: Ayko Bleisch<br \/>Produktionsassistenz: Katharina Meyer<br \/>Runner: Heidi Withelm<\/p>\n<p style=\"text-align: left;\">Unterst\u00fctzt durch das NATIONALE PERFORMANCE NETZ &#8211; STEPPING OUT, gef\u00f6rdert von der Beauftragten der Bundesregierung f\u00fcr Kultur und Medien im Rahmen der Initiative NEUSTART KULTUR. Hilfsprogramm Tanz.<\/p>\n<p style=\"text-align: left;\">Mit Unterst\u00fctzung von garage &#8211; Werkstatt f\u00fcr Darstellende K\u00fcnste e.V., Allmost Studio und IL KINO.<\/p>\n<p style=\"text-align: left;\">Kinopremiere<br \/>07.10.2022 &#8211; IL KINO<\/p>\n<p style=\"text-align: left;\">Online Zugriff<br \/>10.10.2022 &#8211; 23.10.2022 &#8211; Vimeo<\/p>\n\n\n<p class=\"has-text-align-left\">Weitere Pr\u00e4sentationen:<br>29.\/30.04.2023 &#8211; garage@Fahrbereitschaft, Gallery Weekend Berlin<br><\/p>\n<p style=\"text-align: left;\">Dauer: 30 min.<\/p>\n<\/p>\n<p><iframe loading=\"lazy\" title=\"augmented HYPERBODIES\" src=\"https:\/\/player.vimeo.com\/video\/757895331?dnt=1&amp;app_id=122963\" width=\"975\" height=\"548\" frameborder=\"0\" allow=\"autoplay; fullscreen; picture-in-picture\"><\/iframe><\/p>\n\n<p><\/p>\n\n","protected":false},"excerpt":{"rendered":"<p>Mit dem immersiven Tanzfilm &#8222;augmented HYPERBODIES&#8220; wenden b\u00fccking&amp;kr\u00f6ger Elementen der Augmented Reality auf ihre k\u00fcnstlerische Praxis rund um Bewegung, Tanz und Choreografie an. Ausgangspunkt ist die 2019 uraufgef\u00fchrte Produktion &#8222;HYPERBODIES&#8220; die Ph\u00e4nomene des Pathos, der Schw\u00fclstigkeit und der \u00dcbertreibung untersuchte. Wie manifestiert sich Pathos im K\u00f6rper? Wie werden pathetische K\u00f6rperbilder produziert und wie lassen sie sich entmachten? Umgebaute, gebogene, \u00fcberladene K\u00f6rper werden transformiert, kippen nach &hellip;<\/p>\n","protected":false},"author":1,"featured_media":0,"parent":0,"menu_order":0,"comment_status":"closed","ping_status":"closed","template":"page-templates\/centered-page.php","meta":{"footnotes":""},"class_list":["post-2807","page","type-page","status-publish","hentry"],"jetpack_sharing_enabled":true,"_links":{"self":[{"href":"https:\/\/buecking-kroeger.com\/index.php\/wp-json\/wp\/v2\/pages\/2807","targetHints":{"allow":["GET"]}}],"collection":[{"href":"https:\/\/buecking-kroeger.com\/index.php\/wp-json\/wp\/v2\/pages"}],"about":[{"href":"https:\/\/buecking-kroeger.com\/index.php\/wp-json\/wp\/v2\/types\/page"}],"author":[{"embeddable":true,"href":"https:\/\/buecking-kroeger.com\/index.php\/wp-json\/wp\/v2\/users\/1"}],"replies":[{"embeddable":true,"href":"https:\/\/buecking-kroeger.com\/index.php\/wp-json\/wp\/v2\/comments?post=2807"}],"version-history":[{"count":29,"href":"https:\/\/buecking-kroeger.com\/index.php\/wp-json\/wp\/v2\/pages\/2807\/revisions"}],"predecessor-version":[{"id":3345,"href":"https:\/\/buecking-kroeger.com\/index.php\/wp-json\/wp\/v2\/pages\/2807\/revisions\/3345"}],"wp:attachment":[{"href":"https:\/\/buecking-kroeger.com\/index.php\/wp-json\/wp\/v2\/media?parent=2807"}],"curies":[{"name":"wp","href":"https:\/\/api.w.org\/{rel}","templated":true}]}}