{"id":303,"date":"2016-03-12T12:48:08","date_gmt":"2016-03-12T11:48:08","guid":{"rendered":"http:\/\/www.buecking-kroeger.com\/?page_id=303"},"modified":"2020-09-02T18:59:10","modified_gmt":"2020-09-02T16:59:10","slug":"narragonien","status":"publish","type":"page","link":"https:\/\/buecking-kroeger.com\/index.php\/works\/narragonien\/","title":{"rendered":"Narragonien"},"content":{"rendered":"<p style=\"text-align: left;\" align=\"JUSTIFY\"><a href=\"http:\/\/www.buecking-kroeger.com\/wp-content\/uploads\/2016\/03\/1010032.jpg\" rel=\"attachment wp-att-334\"><img loading=\"lazy\" decoding=\"async\" class=\"aligncenter wp-image-334 size-large\" src=\"https:\/\/www.buecking-kroeger.com\/wp-content\/uploads\/2016\/03\/1010032-1024x768.jpg\" alt=\"_1010032\" width=\"975\" height=\"731\" srcset=\"https:\/\/buecking-kroeger.com\/wp-content\/uploads\/2016\/03\/1010032-1024x768.jpg 1024w, https:\/\/buecking-kroeger.com\/wp-content\/uploads\/2016\/03\/1010032-300x225.jpg 300w, https:\/\/buecking-kroeger.com\/wp-content\/uploads\/2016\/03\/1010032-768x576.jpg 768w\" sizes=\"auto, (max-width: 975px) 100vw, 975px\" \/><\/a><b><\/b><\/p>\n<p style=\"text-align: left;\"><span style=\"color: #000000;\"><b>Narragonien<\/b><\/span><span style=\"color: #000000;\"> dient im Roman \u201eDas Narrenschiff\u201c von Sebastian Brant (1494) als Name f\u00fcr ein fiktives Land, in das sich die Besatzung des Narrenschiffs aufmacht. Im gleichnamigen St\u00fcck von b\u00fccking&amp;kr\u00f6ger machen sich zwei Menschen auf zu neuen Ufern. Das Ziel gewiss, die Hoffnung gro\u00df. Bis all dies ins Stocken ger\u00e4t.<\/span><\/p>\n<p style=\"text-align: left;\">Konzept, Choreografie and Performance: Florian B\u00fccking und Raisa Kr\u00f6ger<br \/>\nB\u00fchnenbild: Fabian Reimann<br \/>\nKomposition: Constantin Popp<br \/>\nLichtdesign: Martin Pilz<br \/>\nProduktionsdramaturgie: Johanna Withelm<\/p>\n<p style=\"text-align: left;\">Gef\u00f6rdert durch das Bezirksamt Pankow \u2013 Fachbereich Kunst und Kultur, sowie erm\u00f6glicht durch Mittel der Berliner Senatskanzlei \u2013 Kulturelle Angelegenheiten (Tanzstipendium 2015).<\/p>\n<p style=\"text-align: left;\" align=\"JUSTIFY\"><span style=\"font-family: Times New Roman,serif;\"><span style=\"font-size: medium;\">Premiere<br \/>\n04.03.2016 &#8211; <span style=\"font-size: 12pt;\">Dock11,<\/span> Berlin<\/span><\/span><\/p>\n<p align=\"JUSTIFY\"><span style=\"font-family: Times New Roman,serif;\"><span style=\"font-size: medium;\">Weitere Vorstellungen<br \/>\n<\/span><\/span><span style=\"font-family: Times New Roman,serif;\"><span style=\"font-size: medium;\">05.03.2016 &#8211; Dock11, Berlin<br \/>\n06.03.2016 &#8211; Dock11, Berlin<br \/>\n<\/span><\/span>19.10.2016 &#8211; In Between Festival, Wroclaw\/Polen<br \/>\n19.05.2017 &#8211; Antistatic Festival, Sofia\/Bulgarien<\/p>\n<p style=\"text-align: left;\">Dauer: 52 min.<\/p>\n<p><iframe loading=\"lazy\" src=\"https:\/\/player.vimeo.com\/video\/159256179?app_id=122963\" width=\"480\" height=\"270\" frameborder=\"0\" title=\"TRAILER Narragonien\" webkitallowfullscreen mozallowfullscreen allowfullscreen><\/iframe><\/p>\n","protected":false},"excerpt":{"rendered":"<p>Narragonien dient im Roman \u201eDas Narrenschiff\u201c von Sebastian Brant (1494) als Name f\u00fcr ein fiktives Land, in das sich die Besatzung des Narrenschiffs aufmacht. Im gleichnamigen St\u00fcck von b\u00fccking&amp;kr\u00f6ger machen sich zwei Menschen auf zu neuen Ufern. Das Ziel gewiss, die Hoffnung gro\u00df. Bis all dies ins Stocken ger\u00e4t. Konzept, Choreografie and Performance: Florian B\u00fccking und Raisa Kr\u00f6ger B\u00fchnenbild: Fabian Reimann Komposition: Constantin Popp Lichtdesign: &hellip;<\/p>\n","protected":false},"author":1,"featured_media":0,"parent":6,"menu_order":0,"comment_status":"closed","ping_status":"closed","template":"page-templates\/centered-page.php","meta":{"footnotes":""},"class_list":["post-303","page","type-page","status-publish","hentry"],"jetpack_sharing_enabled":true,"_links":{"self":[{"href":"https:\/\/buecking-kroeger.com\/index.php\/wp-json\/wp\/v2\/pages\/303","targetHints":{"allow":["GET"]}}],"collection":[{"href":"https:\/\/buecking-kroeger.com\/index.php\/wp-json\/wp\/v2\/pages"}],"about":[{"href":"https:\/\/buecking-kroeger.com\/index.php\/wp-json\/wp\/v2\/types\/page"}],"author":[{"embeddable":true,"href":"https:\/\/buecking-kroeger.com\/index.php\/wp-json\/wp\/v2\/users\/1"}],"replies":[{"embeddable":true,"href":"https:\/\/buecking-kroeger.com\/index.php\/wp-json\/wp\/v2\/comments?post=303"}],"version-history":[{"count":44,"href":"https:\/\/buecking-kroeger.com\/index.php\/wp-json\/wp\/v2\/pages\/303\/revisions"}],"predecessor-version":[{"id":1887,"href":"https:\/\/buecking-kroeger.com\/index.php\/wp-json\/wp\/v2\/pages\/303\/revisions\/1887"}],"up":[{"embeddable":true,"href":"https:\/\/buecking-kroeger.com\/index.php\/wp-json\/wp\/v2\/pages\/6"}],"wp:attachment":[{"href":"https:\/\/buecking-kroeger.com\/index.php\/wp-json\/wp\/v2\/media?parent=303"}],"curies":[{"name":"wp","href":"https:\/\/api.w.org\/{rel}","templated":true}]}}