{"id":3248,"date":"2023-02-22T14:56:49","date_gmt":"2023-02-22T13:56:49","guid":{"rendered":"https:\/\/www.buecking-kroeger.com\/index.php\/practice\/"},"modified":"2023-03-01T21:16:44","modified_gmt":"2023-03-01T20:16:44","slug":"practice","status":"publish","type":"page","link":"https:\/\/buecking-kroeger.com\/index.php\/practice\/?lang=en","title":{"rendered":"PRACTICE"},"content":{"rendered":"<div class=\"wp-block-image\">\n<figure class=\"aligncenter size-large\"><img loading=\"lazy\" decoding=\"async\" width=\"1024\" height=\"682\" src=\"https:\/\/www.buecking-kroeger.com\/wp-content\/uploads\/2023\/02\/bk_PRACTICE-3-1024x682.jpg\" alt=\"\" class=\"wp-image-3255\" srcset=\"https:\/\/buecking-kroeger.com\/wp-content\/uploads\/2023\/02\/bk_PRACTICE-3-1024x682.jpg 1024w, https:\/\/buecking-kroeger.com\/wp-content\/uploads\/2023\/02\/bk_PRACTICE-3-300x200.jpg 300w, https:\/\/buecking-kroeger.com\/wp-content\/uploads\/2023\/02\/bk_PRACTICE-3-768x512.jpg 768w, https:\/\/buecking-kroeger.com\/wp-content\/uploads\/2023\/02\/bk_PRACTICE-3.jpg 1280w\" sizes=\"auto, (max-width: 1024px) 100vw, 1024px\" \/><\/figure>\n<\/div>\n\n\n<p><\/p>\n\n\n\n<p class=\"has-text-align-left\">PRACTICE by b\u00fccking&amp;kr\u00f6ger is a choreographic work about practicing. Two dancers explore techniques of repetition and practice and address questions of virtuosity and body techniques as coping strategies. How did certain movement techniques become inscribed in our bodies? How did we become what we are, how do our movement techniques, trained over decades, influence us and how do they determine our artistic practice? Florian B\u00fccking and Raisa Kr\u00f6ger use physical exercises to search for perfection and for personal bodily resilience \u2013 while being aware of the permanent failure and the physical vulnerability that cannot simply be erased.<\/p>\n\n\n\n<p class=\"has-text-align-left\">Concept \/ Choreography \/ Dance: Florian B\u00fccking, Raisa Kr\u00f6ger<br>Dramaturgy \/ press\/public relations: Johanna Withelm<br>Sound: Julius Born<br>Costume: Malena Mod\u00e9er<br>Lighting: Martin Pilz<br>Stage design: Daniel Pakendorf<br>Graphics: Fabian Reimann<br>Production management: Katharina Meyer<br>Photo: Mayra Wallraff<\/p>\n\n\n\n<p class=\"has-text-align-left\">A production by b\u00fccking&amp;kr\u00f6ger.<br>Supported by Fonds Darstellende K\u00fcnste with funds from the Federal Government Commissioner for Culture and the Media within the framework of NEUSTART KULTUR.<\/p>\n\n\n\n<p class=\"has-text-align-left\">Supported by Garage.<\/p>\n\n\n\n<p class=\"has-text-align-left\"><\/p>\n\n\n\n<p class=\"has-text-align-left\">Premiere:<br>15.12.2022 &#8211; Dock 11, Berlin<\/p>\n\n\n\n<p class=\"has-text-align-left\">Further performances: <br>16.12.2022 &#8211; Dock11, Berlin<br>17.12.2022 &#8211; Dock11, Berlin<br>18.12.2022 &#8211; Dock11, Berlin<br><\/p>\n\n\n\n<p class=\"has-text-align-left\">Duration: 50 min.<\/p>\n\n\n<p><iframe loading=\"lazy\" src=\"https:\/\/player.vimeo.com\/video\/784953480?h=754c46e861&amp;dnt=1&amp;app_id=122963\" width=\"975\" height=\"548\" frameborder=\"0\" allow=\"autoplay; fullscreen; picture-in-picture\" allowfullscreen><\/iframe><\/p>","protected":false},"excerpt":{"rendered":"<p>PRACTICE by b\u00fccking&amp;kr\u00f6ger is a choreographic work about practicing. Two dancers explore techniques of repetition and practice and address questions of virtuosity and body techniques as coping strategies. How did certain movement techniques become inscribed in our bodies? How did we become what we are, how do our movement techniques, trained over decades, influence us and how do they determine our artistic practice? Florian B\u00fccking &hellip;<\/p>\n","protected":false},"author":1,"featured_media":0,"parent":0,"menu_order":0,"comment_status":"closed","ping_status":"closed","template":"page-templates\/centered-page.php","meta":{"footnotes":""},"class_list":["post-3248","page","type-page","status-publish","hentry"],"jetpack_sharing_enabled":true,"_links":{"self":[{"href":"https:\/\/buecking-kroeger.com\/index.php\/wp-json\/wp\/v2\/pages\/3248","targetHints":{"allow":["GET"]}}],"collection":[{"href":"https:\/\/buecking-kroeger.com\/index.php\/wp-json\/wp\/v2\/pages"}],"about":[{"href":"https:\/\/buecking-kroeger.com\/index.php\/wp-json\/wp\/v2\/types\/page"}],"author":[{"embeddable":true,"href":"https:\/\/buecking-kroeger.com\/index.php\/wp-json\/wp\/v2\/users\/1"}],"replies":[{"embeddable":true,"href":"https:\/\/buecking-kroeger.com\/index.php\/wp-json\/wp\/v2\/comments?post=3248"}],"version-history":[{"count":4,"href":"https:\/\/buecking-kroeger.com\/index.php\/wp-json\/wp\/v2\/pages\/3248\/revisions"}],"predecessor-version":[{"id":3262,"href":"https:\/\/buecking-kroeger.com\/index.php\/wp-json\/wp\/v2\/pages\/3248\/revisions\/3262"}],"wp:attachment":[{"href":"https:\/\/buecking-kroeger.com\/index.php\/wp-json\/wp\/v2\/media?parent=3248"}],"curies":[{"name":"wp","href":"https:\/\/api.w.org\/{rel}","templated":true}]}}