{"id":490,"date":"2016-11-21T19:24:57","date_gmt":"2016-11-21T18:24:57","guid":{"rendered":"http:\/\/www.buecking-kroeger.com\/?page_id=490"},"modified":"2020-09-02T19:15:31","modified_gmt":"2020-09-02T17:15:31","slug":"anordnungen","status":"publish","type":"page","link":"https:\/\/buecking-kroeger.com\/index.php\/works\/anordnungen\/","title":{"rendered":"Anordnungen"},"content":{"rendered":"<p style=\"text-align: center;\" align=\"JUSTIFY\"><a href=\"http:\/\/www.buecking-kroeger.com\/wp-content\/uploads\/2016\/10\/IMG_4476.jpg\"><img loading=\"lazy\" decoding=\"async\" class=\"alignnone wp-image-478 size-full\" src=\"https:\/\/www.buecking-kroeger.com\/wp-content\/uploads\/2016\/10\/IMG_4476.jpg\" alt=\"img_4476\" width=\"640\" height=\"480\" srcset=\"https:\/\/buecking-kroeger.com\/wp-content\/uploads\/2016\/10\/IMG_4476.jpg 640w, https:\/\/buecking-kroeger.com\/wp-content\/uploads\/2016\/10\/IMG_4476-300x225.jpg 300w\" sizes=\"auto, (max-width: 640px) 100vw, 640px\" \/><\/a><\/p>\n<p style=\"text-align: left;\" align=\"JUSTIFY\"><span style=\"color: #000000;\"><span style=\"font-size: medium;\">Was wir denken ist alt, was wir tun ist neu. Das Verbindungsglied zwischen alt und neu sind somit wir, b\u00fccking&amp;kr\u00f6ger. Das ist, was vom Tanzstipendium 2015 \u00fcbrig geblieben ist und mittlerweile weiterdenkt und weiterrecherchiert. <\/span><\/span><\/p>\n<p style=\"text-align: left;\">Konzept, Choreografie and Performance: Florian B\u00fccking und Raisa Kr\u00f6ger<br \/>\nKomposition: Constantin Popp<br \/>\nProduktionsdramaturgie: Johanna Withelm<\/p>\n<p style=\"text-align: left;\">Erm\u00f6glicht durch Mittel der Berliner Senatskanzlei \u2013 Kulturelle Angelegenheiten (Tanzstipendium 2015).<\/p>\n<p style=\"text-align: left;\">Premiere<br \/>\n23.10.2016 &#8211; ada Studio, Berlin<\/p>\n<p style=\"text-align: left;\">Dauer: 17 min.<\/p>\n<p><iframe loading=\"lazy\" src=\"https:\/\/player.vimeo.com\/video\/195772098?app_id=122963\" width=\"975\" height=\"548\" frameborder=\"0\" title=\"Anordnungen\" webkitallowfullscreen mozallowfullscreen allowfullscreen><\/iframe><\/p>\n","protected":false},"excerpt":{"rendered":"<p>Was wir denken ist alt, was wir tun ist neu. Das Verbindungsglied zwischen alt und neu sind somit wir, b\u00fccking&amp;kr\u00f6ger. Das ist, was vom Tanzstipendium 2015 \u00fcbrig geblieben ist und mittlerweile weiterdenkt und weiterrecherchiert. Konzept, Choreografie and Performance: Florian B\u00fccking und Raisa Kr\u00f6ger Komposition: Constantin Popp Produktionsdramaturgie: Johanna Withelm Erm\u00f6glicht durch Mittel der Berliner Senatskanzlei \u2013 Kulturelle Angelegenheiten (Tanzstipendium 2015). Premiere 23.10.2016 &#8211; ada Studio, &hellip;<\/p>\n","protected":false},"author":1,"featured_media":0,"parent":6,"menu_order":0,"comment_status":"closed","ping_status":"closed","template":"page-templates\/centered-page.php","meta":{"footnotes":""},"class_list":["post-490","page","type-page","status-publish","hentry"],"jetpack_sharing_enabled":true,"_links":{"self":[{"href":"https:\/\/buecking-kroeger.com\/index.php\/wp-json\/wp\/v2\/pages\/490","targetHints":{"allow":["GET"]}}],"collection":[{"href":"https:\/\/buecking-kroeger.com\/index.php\/wp-json\/wp\/v2\/pages"}],"about":[{"href":"https:\/\/buecking-kroeger.com\/index.php\/wp-json\/wp\/v2\/types\/page"}],"author":[{"embeddable":true,"href":"https:\/\/buecking-kroeger.com\/index.php\/wp-json\/wp\/v2\/users\/1"}],"replies":[{"embeddable":true,"href":"https:\/\/buecking-kroeger.com\/index.php\/wp-json\/wp\/v2\/comments?post=490"}],"version-history":[{"count":26,"href":"https:\/\/buecking-kroeger.com\/index.php\/wp-json\/wp\/v2\/pages\/490\/revisions"}],"predecessor-version":[{"id":2000,"href":"https:\/\/buecking-kroeger.com\/index.php\/wp-json\/wp\/v2\/pages\/490\/revisions\/2000"}],"up":[{"embeddable":true,"href":"https:\/\/buecking-kroeger.com\/index.php\/wp-json\/wp\/v2\/pages\/6"}],"wp:attachment":[{"href":"https:\/\/buecking-kroeger.com\/index.php\/wp-json\/wp\/v2\/media?parent=490"}],"curies":[{"name":"wp","href":"https:\/\/api.w.org\/{rel}","templated":true}]}}