{"id":6,"date":"2015-07-22T21:54:44","date_gmt":"2015-07-22T19:54:44","guid":{"rendered":"http:\/\/www.buecking-kroeger.com\/?page_id=6"},"modified":"2025-02-10T21:09:49","modified_gmt":"2025-02-10T20:09:49","slug":"works","status":"publish","type":"page","link":"https:\/\/buecking-kroeger.com\/index.php\/works\/","title":{"rendered":"arbeiten"},"content":{"rendered":"<p style=\"text-align: center;\">2023<br \/><strong>FIVE <\/strong>f\u00fcr 5 T\u00e4nzer, ca.50min.<span lang=\"en-US\">; Kollaboration mit Fernando Balsera (Tanz), Shannon Leypoldt (Tanz), Mathis Kleinschnittger (Tanz), Malena Mod\u00e9er (Kost\u00fcm), Julius Born (Musik) und Martin Pilz (Licht) \/\/ Ballhaus Ost (Berlin)<\/span><\/p>\n<p style=\"text-align: center;\">2022<br \/><strong>PRACTICE<\/strong> f\u00fcr 2 T\u00e4nzer, 50min.<span lang=\"en-US\">; Kollaboration mit <\/span><span lang=\"en-US\">Malena Mod\u00e9er (Kost\u00fcm), Martin Pilz (Licht) und Julius Born (Musik)<\/span> \/\/ Dock11 (Berlin)<br \/><strong>augmented HYPERBODIES<\/strong> f\u00fcr 2 T\u00e4nzer, 30min.<span lang=\"en-US\">; Tanzfilm in Kollaboration mit Mayra Wallraff (Kamera) Duncan McDade (Editing, Schnitt, Michiel Keuper<\/span><span lang=\"en-US\"> (Kost\u00fcm) und Julius Born (Musik)<\/span> \/\/ IL KINO (Berlin) und online<br \/><strong>all we got to do<\/strong> f\u00fcr 2 T\u00e4nzer, 45min.<span lang=\"en-US\">; Kollaboration mit <\/span><span lang=\"en-US\">Malena Mod\u00e9er (Kost\u00fcm), Martin Pilz (Licht) und Julius Born (Musik)<\/span> \/\/ Dock11 (Berlin)<br \/><strong>FIVE <\/strong>f\u00fcr 5 T\u00e4nzer, ca.50min.<span lang=\"en-US\">; Kollaboration mit Simone Detig (Tanz), Julek Kreutzer (Tanz), Mathis Kleinschnittger (Tanz), Malena Mod\u00e9er (Kost\u00fcm), Julius Born (Musik) und Martin Pilz (Licht) \/\/ Ballhaus Ost (Berlin)<\/span><\/p>\n<p style=\"text-align: center;\">2021<br \/><strong>all we got to do<\/strong> f\u00fcr 2 T\u00e4nzer, 30min.<span lang=\"en-US\">; Tanzfilm in Kollaboration mit Mayra Wallraff (Kamera), Duncan McDade (Schnitt), Malena Mod\u00e9er (Kost\u00fcm), Martin Pilz (Licht) und Julius Born (Musik)<\/span> \/\/ Dock11 (Berlin)<\/p>\n<p style=\"text-align: center;\">2020<br \/><strong>HYPERBODIES (Wiederaufnahme)<\/strong> f\u00fcr 2 T\u00e4nzer, 55min.<span lang=\"en-US\">; Kollaboration mit Fabian Reimann (B\u00fchnenbild), Michiel Keuper (Kost\u00fcm), Martin Pilz (Licht) und Julius Born (Musik)<\/span> \/\/ Dock11 (Berlin)<br \/><strong>NO SECRET, NO ROOM (COVID 19 version) <\/strong>f\u00fcr 2 T\u00e4nzer, ca.4min.<span lang=\"en-US\">; Kollaboration mit Julius Born (Musik), Katharina Meyer (Kamera), Duncan McDade (Schnitt) \/\/ SOX (Berlin)<\/span><\/p>\n<p style=\"text-align: center;\">2019<br \/><strong>grete&amp;hans<\/strong> f\u00fcr 2 T\u00e4nzer, 10min. \/\/ Tempelhofer Wald (Berlin)<strong><br \/><strong>HYPERBODIES<\/strong><\/strong> f\u00fcr 2 T\u00e4nzer, 55min.<span lang=\"en-US\">; Kollaboration mit Fabian Reimann (B\u00fchnenbild), Michiel Keuper (Kost\u00fcm), Martin Pilz (Licht) und Julius Born (Musik)<\/span> \/\/ Uferstudios (Berlin)<\/p>\n<p style=\"text-align: center;\">2018<br \/><strong>coming<\/strong> <strong>out of a secret room<\/strong> f\u00fcr 2 T\u00e4nzer, 20min. \/\/ Performing Arts Festival (Berlin), Lange Nacht der Bilder (Berlin)<br \/><strong>TOOLS a handjob <\/strong>f\u00fcr 2 T\u00e4nzer, 24min. \/\/ Gallery Weekend (Berlin)<b><\/b><\/p>\n<p style=\"text-align: center;\">2017<br \/><b>Pornografie der Emotionen <\/b>f\u00fcr <span lang=\"en-US\">2 T\u00e4nzer, 53min.; Kollaboration mit Fabian Reimann (B\u00fchnenbild), Martin Pilz (Licht) und Constantin Popp (Musik) \/\/ Ballhaus Ost (Berlin)<\/span><b><br \/><b>TOOLS<\/b><\/b> <strong>a handjob<\/strong> f\u00fcr 2 T\u00e4nzer, 24min. \/\/ Performing Arts Festival (Berlin)<b><br \/><span lang=\"en-US\"><b>Narragonien <\/b><\/span><\/b><span lang=\"en-US\">f\u00fcr 2 T\u00e4nzer, 53min.; Kollaboration mit Fabian Reimann (B\u00fchnenbild), Martin Pilz (Licht) und Constantin Popp (Musik) \/\/ <\/span><span lang=\"en-US\">Antistatic Festival (Sofia\/Bulgarien)<\/span><\/p>\n<p style=\"text-align: center;\">2016<br \/><strong>Anordnungen<\/strong> f\u00fcr 2 T\u00e4nzer, 17min. \/\/ ada Studio (Berlin)<br \/><strong>Narragonien <\/strong>f\u00fcr 2 T\u00e4nzer, 48min.; Kollaboration mit Fabian Reimann (B\u00fchnenbild), Martin Pilz (Licht) und Constantin Popp (Musik) \/\/ In Between Festival (Wroclaw\/Polen)<br \/><span lang=\"en-US\"><b>sujets trouv\u00e9s<\/b><\/span><span lang=\"en-US\"> f\u00fcr 2 T\u00e4nzer, 13 min.; Kollaboration mit Constantin Popp (Musik) \/\/ Performing Arts Festival (Berlin)<\/span><br \/><strong>Taktstelle<\/strong> Performancekonzert mit Cora Frost (mit Zucker&amp;Butter Band) \/\/ Roter Salon (Berlin)<br \/><strong>Narragonien <\/strong>f\u00fcr 2 T\u00e4nzer, 52min. (inkl.Einlass); Kollaboration mit Fabian Reimann (B\u00fchnenbild), Martin Pilz (Licht) und Constantin Popp (Musik) \/\/ Dock11 (Berlin)<br \/><strong>If you don`t look up, it looks like a castle <\/strong>f\u00fcr 2 T\u00e4nzer, 12min. \/\/ ada Studio (Berlin)<\/p>\n<p style=\"text-align: center;\"><span lang=\"en-US\">2015<\/span><br \/><span lang=\"en-US\"><b>In Transit \u2013 an exercise on borders<\/b><\/span><span lang=\"en-US\"> f\u00fcr 2 T\u00e4nzer, 18min.; Kollaboration mit Ren\u00e9 Lange (Video) \/\/ Kunstverein Schichtwechsel (Liechtenstein)<\/span><br \/><span lang=\"en-US\"><b>sujets trouv\u00e9s<\/b><\/span><span lang=\"en-US\"> f\u00fcr 2 T\u00e4nzer, 13 min.; Kollaboration mit Constantin Popp (Musik) \/\/ ArtOrt Festival (Heidelberg)<\/span><\/p>\n<p style=\"text-align: center;\"><span lang=\"en-US\">2014<\/span><br \/><span lang=\"en-US\"><b>the wall\/\/exercise on borders<\/b><\/span><span lang=\"en-US\"> f\u00fcr 2 T\u00e4nzer, 18 min.; Kollaboration mit Ren\u00e9 Lange (Video) \/\/ ada Studio (Berlin)<\/span><\/p>\n<!-- \/wp:post-content --><\/details>\n<!-- \/wp:details --><\/div>\n<!-- \/wp:group -->\n\n<!-- wp:paragraph -->\n<p><\/p>\n<!-- \/wp:paragraph -->","protected":false},"excerpt":{"rendered":"<p>2023FIVE f\u00fcr 5 T\u00e4nzer, ca.50min.; Kollaboration mit Fernando Balsera (Tanz), Shannon Leypoldt (Tanz), Mathis Kleinschnittger (Tanz), Malena Mod\u00e9er (Kost\u00fcm), Julius Born (Musik) und Martin Pilz (Licht) \/\/ Ballhaus Ost (Berlin) 2022PRACTICE f\u00fcr 2 T\u00e4nzer, 50min.; Kollaboration mit Malena Mod\u00e9er (Kost\u00fcm), Martin Pilz (Licht) und Julius Born (Musik) \/\/ Dock11 (Berlin)augmented HYPERBODIES f\u00fcr 2 T\u00e4nzer, 30min.; Tanzfilm in Kollaboration mit Mayra Wallraff (Kamera) Duncan McDade (Editing, &hellip;<\/p>\n","protected":false},"author":1,"featured_media":0,"parent":0,"menu_order":0,"comment_status":"closed","ping_status":"closed","template":"page-templates\/centered-page.php","meta":{"footnotes":""},"class_list":["post-6","page","type-page","status-publish","hentry"],"jetpack_sharing_enabled":true,"_links":{"self":[{"href":"https:\/\/buecking-kroeger.com\/index.php\/wp-json\/wp\/v2\/pages\/6","targetHints":{"allow":["GET"]}}],"collection":[{"href":"https:\/\/buecking-kroeger.com\/index.php\/wp-json\/wp\/v2\/pages"}],"about":[{"href":"https:\/\/buecking-kroeger.com\/index.php\/wp-json\/wp\/v2\/types\/page"}],"author":[{"embeddable":true,"href":"https:\/\/buecking-kroeger.com\/index.php\/wp-json\/wp\/v2\/users\/1"}],"replies":[{"embeddable":true,"href":"https:\/\/buecking-kroeger.com\/index.php\/wp-json\/wp\/v2\/comments?post=6"}],"version-history":[{"count":105,"href":"https:\/\/buecking-kroeger.com\/index.php\/wp-json\/wp\/v2\/pages\/6\/revisions"}],"predecessor-version":[{"id":3395,"href":"https:\/\/buecking-kroeger.com\/index.php\/wp-json\/wp\/v2\/pages\/6\/revisions\/3395"}],"wp:attachment":[{"href":"https:\/\/buecking-kroeger.com\/index.php\/wp-json\/wp\/v2\/media?parent=6"}],"curies":[{"name":"wp","href":"https:\/\/api.w.org\/{rel}","templated":true}]}}