{"id":800,"date":"2017-06-17T12:46:17","date_gmt":"2017-06-17T10:46:17","guid":{"rendered":"https:\/\/www.buecking-kroeger.com\/?page_id=800"},"modified":"2020-09-02T18:58:50","modified_gmt":"2020-09-02T16:58:50","slug":"tools-a-handjob","status":"publish","type":"page","link":"https:\/\/buecking-kroeger.com\/index.php\/works\/tools-a-handjob\/","title":{"rendered":"TOOLS a handjob"},"content":{"rendered":"<p style=\"text-align: center;\" align=\"JUSTIFY\"><a href=\"https:\/\/www.buecking-kroeger.com\/wp-content\/uploads\/2018\/05\/1020195-1.jpg\"><img loading=\"lazy\" decoding=\"async\" class=\"alignnone size-large wp-image-1041\" src=\"https:\/\/www.buecking-kroeger.com\/wp-content\/uploads\/2018\/05\/1020195-1-1024x768.jpg\" alt=\"\" width=\"975\" height=\"731\" srcset=\"https:\/\/buecking-kroeger.com\/wp-content\/uploads\/2018\/05\/1020195-1-1024x768.jpg 1024w, https:\/\/buecking-kroeger.com\/wp-content\/uploads\/2018\/05\/1020195-1-300x225.jpg 300w, https:\/\/buecking-kroeger.com\/wp-content\/uploads\/2018\/05\/1020195-1-768x576.jpg 768w\" sizes=\"auto, (max-width: 975px) 100vw, 975px\" \/><\/a><\/p>\n<p style=\"text-align: left;\" align=\"JUSTIFY\">\u201eJedesmal, wenn ein Organ &#8211; oder eine Funktion &#8211; sich von einer alten Verpflichtung befreit, erfindet es etwas Neues. Als die Pfote oder Hand durch den aufrechten Gang von der dr\u00fcckenden Last des St\u00fctzens oder Gehens befreit ist, ver\u00e4ndert sie sich: sie wird zum Greiforgan und formt schlie\u00dflich das Werkzeug\u201c (M. Serres).<\/p>\n<p style=\"text-align: left;\" align=\"JUSTIFY\">2012 schuf der Bildende K\u00fcnstler Fabian Reimann das Werk <i>Hand Tool Interface<\/i>, in dem er sich mit genau dieser Schnittstelle auseinandergesetzt hat: dem Zugang zum Werkzeug und damit dem Gegenstand, \u201eder sowohl f\u00fcr die Form der Hand als auch der des Werkzeugs angefertigt\u201c wurde. Resultat ist eine r\u00e4umliche Installation, welche diverse Werkzeugstiele gleich ethnologischen Exponaten pr\u00e4sentiert.<\/p>\n<p style=\"text-align: left;\" align=\"JUSTIFY\">Das Duett <i>TOOLS &#8211; a hand job <\/i>nimmt diese Installation als Ausgangspunkt, um sich sowohl mit den evolution\u00e4r bedingten Freiheiten, die mit dem aufrechten Gang einhergehen als auch mit k\u00f6rperlichen Verrichtungen auseinanderzusetzen. Im Mittelpunkt steht hierbei der K\u00f6rper und seine Verwendung &#8211; k\u00f6rperliche Bewegungen und Verrichtungen als Artefakt.<\/p>\n<p style=\"text-align: left;\">Konzept, Choreografie and Performance: Florian B\u00fccking und Raisa Kr\u00f6ger<br \/>\nRaum: Fabian Reimann<br \/>\nSound: Julius Born<br \/>\nProduktionsdramaturgie: Johanna Withelm<\/p>\n<p style=\"text-align: left;\">Dank an: battleROYAL, Dock11<\/p>\n<p style=\"text-align: left;\" align=\"JUSTIFY\">Premiere<br \/>\n16.06.2017 &#8211; Dock11, Berlin<\/p>\n<p align=\"JUSTIFY\">Weitere Vorstellungen<br \/>\n17.06.2017 &#8211; Dock11, Berlin<br \/>\n28.04.2018 &#8211; Garage, Fahrbereitschaft\/Haubrok (Gallery Weekend), Berlin<br \/>\n29.04.2018 &#8211; Garage, Fahrbereitschaft\/Haubrok (Gallery Weekend), Berlin<\/p>\n<p style=\"text-align: left;\" align=\"JUSTIFY\">Dauer: 26 min. (inkl. Intro)<\/p>\n<p><iframe loading=\"lazy\" src=\"https:\/\/player.vimeo.com\/video\/222000942?app_id=122963\" width=\"640\" height=\"360\" frameborder=\"0\" title=\"TOOLS a handjob\" allow=\"autoplay; fullscreen\" allowfullscreen><\/iframe><\/p>\n","protected":false},"excerpt":{"rendered":"<p>\u201eJedesmal, wenn ein Organ &#8211; oder eine Funktion &#8211; sich von einer alten Verpflichtung befreit, erfindet es etwas Neues. Als die Pfote oder Hand durch den aufrechten Gang von der dr\u00fcckenden Last des St\u00fctzens oder Gehens befreit ist, ver\u00e4ndert sie sich: sie wird zum Greiforgan und formt schlie\u00dflich das Werkzeug\u201c (M. Serres). 2012 schuf der Bildende K\u00fcnstler Fabian Reimann das Werk Hand Tool Interface, in &hellip;<\/p>\n","protected":false},"author":1,"featured_media":0,"parent":6,"menu_order":0,"comment_status":"closed","ping_status":"closed","template":"page-templates\/centered-page.php","meta":{"footnotes":""},"class_list":["post-800","page","type-page","status-publish","hentry"],"jetpack_sharing_enabled":true,"_links":{"self":[{"href":"https:\/\/buecking-kroeger.com\/index.php\/wp-json\/wp\/v2\/pages\/800","targetHints":{"allow":["GET"]}}],"collection":[{"href":"https:\/\/buecking-kroeger.com\/index.php\/wp-json\/wp\/v2\/pages"}],"about":[{"href":"https:\/\/buecking-kroeger.com\/index.php\/wp-json\/wp\/v2\/types\/page"}],"author":[{"embeddable":true,"href":"https:\/\/buecking-kroeger.com\/index.php\/wp-json\/wp\/v2\/users\/1"}],"replies":[{"embeddable":true,"href":"https:\/\/buecking-kroeger.com\/index.php\/wp-json\/wp\/v2\/comments?post=800"}],"version-history":[{"count":38,"href":"https:\/\/buecking-kroeger.com\/index.php\/wp-json\/wp\/v2\/pages\/800\/revisions"}],"predecessor-version":[{"id":1886,"href":"https:\/\/buecking-kroeger.com\/index.php\/wp-json\/wp\/v2\/pages\/800\/revisions\/1886"}],"up":[{"embeddable":true,"href":"https:\/\/buecking-kroeger.com\/index.php\/wp-json\/wp\/v2\/pages\/6"}],"wp:attachment":[{"href":"https:\/\/buecking-kroeger.com\/index.php\/wp-json\/wp\/v2\/media?parent=800"}],"curies":[{"name":"wp","href":"https:\/\/api.w.org\/{rel}","templated":true}]}}